{"id":105,"date":"2018-02-16T23:18:33","date_gmt":"2018-02-17T01:18:33","guid":{"rendered":"http:\/\/marcosbrasilico.com.br\/?page_id=105"},"modified":"2018-02-21T01:48:27","modified_gmt":"2018-02-21T01:48:27","slug":"producao-tecnica","status":"publish","type":"page","link":"https:\/\/marcosbrasilico.com.br\/?page_id=105","title":{"rendered":"Produ\u00e7\u00e3o T\u00e9cnica"},"content":{"rendered":"<h5>ASSESSORIA E CONSULTORIA<\/h5>\n<table class=\"IndicProdTabela\">\n<tbody>\n<tr>\n<td class=\"ano\" style=\"text-align: left; font-weight: bold;\" valign=\"top\" width=\"20px\">1.<\/td>\n<td class=\"texto\">\u00a0<b>ALMEIDA, M. A.<\/b><br \/>\n<b>Introdu\u00e7\u00e3o\u00e0 hist\u00f3ria da Ordem franciscana<\/b>, 2014<i>Palavras-chave: Franciscanismo, Espiritualidade Franciscana, Franciscanos-Evangeliza\u00e7\u00e3o-Mundializa\u00e7\u00e3o<br \/>\n\u00c1reas do conhecimento : Hist\u00f3ria<br \/>\nSetores de atividade : Educa\u00e7\u00e3o<br \/>\nRefer\u00eancias adicionais : Brasil\/Portugu\u00eas. Meio de divulga\u00e7\u00e3o: V\u00e1rios<br \/>\nCurso ministrado a cinco novi\u00e7os franciscanos com a dura\u00e7\u00e3o de 20h\/aula.<\/i><\/td>\n<\/tr>\n<tr>\n<td class=\"ano\" style=\"text-align: left; font-weight: bold;\" valign=\"top\" width=\"20px\">2.<\/td>\n<td class=\"texto\">\u00a0<b>ALMEIDA, M. A.<\/b><br \/>\n<b>Hist\u00f3ria da Igreja medieval: S\u00e3o Francisco, os franciscanos e a sociedade medieval (s\u00e9c. XII e XIII)<\/b>, 2013<i>Palavras-chave: Franciscanos, Igreja e Sociedade medievais, Franciscanismo, Franciscanos-Evangeliza\u00e7\u00e3o-Mundializa\u00e7\u00e3o<br \/>\n\u00c1reas do conhecimento : Hist\u00f3ria,Hist\u00f3ria Antiga e Medieval,Historia dos Franciscanos no Brasil Colonial<br \/>\nSetores de atividade : Educa\u00e7\u00e3o<br \/>\nRefer\u00eancias adicionais : Brasil\/Portugu\u00eas. Meio de divulga\u00e7\u00e3o: V\u00e1rios<br \/>\nCurso e assessoria ministrados no noviciado da Prov\u00edncia Franciscana de Nossa Senhora da Assun\u00e7\u00e3o\u00b4.<\/i><\/td>\n<\/tr>\n<tr>\n<td class=\"ano\" style=\"text-align: left; font-weight: bold;\" valign=\"top\" width=\"20px\">3.<\/td>\n<td class=\"texto\">\u00a0<b>ALMEIDA, M. A.<\/b><br \/>\n<b>S\u00e3o Francisco e sua posteridade: fontes e continuidade<\/b>, 2013<i>Palavras-chave: Cultura Religiosa, Espiritualidade Franciscana, Franciscanismo, Evangeliza\u00e7\u00e3o, Identidade e Religi\u00e3o<br \/>\n\u00c1reas do conhecimento : MIss\u00e3o Franciscana,Hist\u00f3ria Antiga e Medieval,Historia dos Franciscanos no Brasil<br \/>\nSetores de atividade : Educa\u00e7\u00e3o<br \/>\nRefer\u00eancias adicionais : Brasil\/Portugu\u00eas. Meio de divulga\u00e7\u00e3o: Outro<br \/>\nAssessoramento ao grupo religioso Fraternidade dos Pobres de Jesus Cristo. A assessoria consistiu numa confer\u00eancia sobre a origem e consolida\u00e7\u00e3o do Movimento Franciscano, desde Francisco de Assis at\u00e9 as primeiras produ\u00e7\u00f5es textuais e pict\u00f3ricas sobre a vida do santo italiano. A metodologia procurou aproximar os textos medievais \u00e0s imagens que do santo e da sua miss\u00e3o foram se propagando por toda a cristandade europeia medieval.<\/i><\/td>\n<\/tr>\n<tr>\n<td class=\"ano\" style=\"text-align: left; font-weight: bold;\" valign=\"top\" width=\"20px\">4.<\/td>\n<td class=\"texto\">\u00a0<b>ALMEIDA, M. A.<\/b><br \/>\n<b>S\u00e3o Francisco e o Movimento Franciscano (s\u00e9culo XIII ao XVIII)<\/b>, 2012<i>Palavras-chave: Franciscanismo, Religiosidade medieval e moderna, Cultura Crist\u00e3, Cultura Religiosa &#8211; Evangeliza\u00e7\u00e3o &#8211; Mesti\u00e7agem, Cultura Urbana e Religi\u00e3o<br \/>\n\u00c1reas do conhecimento : MIss\u00e3o Franciscana,Hist\u00f3ria do Cristianismo e Institui\u00e7\u00f5es Crist\u00e3s no Brasil Colonial,Hist\u00f3ria do Cristianismo Antigo<br \/>\nSetores de atividade : Educa\u00e7\u00e3o, Outras atividades de servi\u00e7os pessoais<br \/>\nRefer\u00eancias adicionais : Brasil\/Portugu\u00eas. Meio de divulga\u00e7\u00e3o: Outro<br \/>\nCurso que teve por objetivo historiar a evolu\u00e7\u00e3o do movimento franciscano desde o s\u00e9culo XII at\u00e9 os dias atuais, pois as ideias do franciscanismo permanecem atuais no que tange \u00e0 sua miss\u00e3o de unir os homens a Deus e \u00e0 natureza, ao criador e \u00e0s criaturas.<\/i><\/td>\n<\/tr>\n<\/tbody>\n<\/table>\n<p>&nbsp;<\/p>\n<h5>TRABALHOS T\u00c9CNICOS<\/h5>\n<table class=\"IndicProdTabela\">\n<tbody>\n<tr>\n<td class=\"ano\" style=\"text-align: left; font-weight: bold;\" valign=\"top\" width=\"20px\">1.<\/td>\n<td class=\"texto\">\u00a0<b>ALMEIDA, M. A.<\/b>; Suely de Almeida<br \/>\n<b>Restaura\u00e7\u00e3o, cataloga\u00e7\u00e3o e divulga\u00e7\u00e3o do Arquivo Colonial Franciscano do Recife.<\/b>, 2007<i>Palavras-chave: Arquivo Franciscano colonial<br \/>\n\u00c1reas do conhecimento : Hist\u00f3ria do Brasil Col\u00f4nia,Hist\u00f3ria do Cristianismo Antigo<br \/>\nSetores de atividade : Produtos e Servi\u00e7os Recreativos, Culturais, Art\u00edsticos e Desportivos<br \/>\nRefer\u00eancias adicionais : Brasil\/Portugu\u00eas. Meio de divulga\u00e7\u00e3o: V\u00e1rios<br \/>\nEsse Projeto est\u00e1 em andamento.<\/i><\/td>\n<\/tr>\n<\/tbody>\n<\/table>\n<p>&nbsp;<\/p>\n<h5>ENTREVISTAS, MESAS REDONDAS, PROGRAMAS E COMENT\u00c1RIOS NA M\u00cdDIA<\/h5>\n<table class=\"IndicProdTabela\">\n<tbody>\n<tr>\n<td class=\"ano\" style=\"text-align: left; font-weight: bold;\" valign=\"top\" width=\"20px\">1.<\/td>\n<td class=\"texto\">\u00a0<b>ALMEIDA, M. A.<\/b><br \/>\n<b>Institui\u00e7\u00f5es, Familia e Mesti\u00e7agens no Brasil (S\u00e9c. XVI-XIX)<\/b>, 2013<i>Palavras-chave: Brasil Col\u00f4nia, Cultura Religiosa, Catolicismo, Hist\u00f3ria eclesi\u00e1stica, Historia Moderna<br \/>\nRefer\u00eancias adicionais : Brasil\/Portugu\u00eas.<\/i><\/td>\n<\/tr>\n<tr>\n<td class=\"ano\" style=\"text-align: left; font-weight: bold;\" valign=\"top\" width=\"20px\">2.<\/td>\n<td class=\"texto\">\u00a0<b>ALMEIDA, M. A.<\/b><br \/>\n<b>Obras de restaura\u00e7\u00e3o do convento de Santo Ant\u00f4nio do Recife<\/b>, 2013<br \/>\n<i><br \/>\nRefer\u00eancias adicionais : Brasil\/Portugu\u00eas. . Home page: http:\/\/globotv.globo.com\/rede-globo\/netv-2a-edicao\/v\/obras-de-restauracao-do-convento-e-da-igreja-de-santonio-no-recife-estao-paradas\/2599197\/<\/i><\/td>\n<\/tr>\n<tr>\n<td class=\"ano\" style=\"text-align: left; font-weight: bold;\" valign=\"top\" width=\"20px\">3.<\/td>\n<td class=\"texto\">\u00a0Biu Vicente;\u00a0<b>ALMEIDA, M. A.<\/b><br \/>\n<b>Que hist\u00f3ria \u00e9 essa<\/b>, 2008<i>Palavras-chave: Vida e Hist\u00f3ria, Franciscanos, Evangeliza\u00e7\u00e3o, Cutura Religiosa, Brasil Col\u00f4nia<br \/>\n\u00c1reas do conhecimento : Hist\u00f3ria<br \/>\nSetores de atividade : Educa\u00e7\u00e3o<br \/>\nRefer\u00eancias adicionais : Brasil\/Portugu\u00eas.<br \/>\nA entrevista girou em torno da vida pessoal e acad\u00eamica de Marcos Ant\u00f4nio de Almeida. Severino Vicente privilegiou a discuss\u00e3o acerca da rela Hist\u00f3ria e Vida.<\/i><\/td>\n<\/tr>\n<\/tbody>\n<\/table>\n<p>&nbsp;<\/p>\n<h5>DEMAIS PRODU\u00c7\u00d5ES T\u00c9CNICOS<\/h5>\n<table class=\"IndicProdTabela\">\n<tbody>\n<tr>\n<td class=\"ano\" style=\"text-align: left; font-weight: bold;\" valign=\"top\" width=\"20px\">1.<\/td>\n<td class=\"texto\">\u00a0<b>ALMEIDA, M. A.<\/b><br \/>\n<b>Historia Franciscana: origens e posteridade.<\/b>, 2015. (Outro, Curso de curta dura\u00e7\u00e3o ministrado)<br \/>\n<i>Palavras-chave: Arquivo Franciscano colonial, Franciscanos, Espiritualidade Franciscana, Religiosidade medieval e moderna, Franciscanismo<br \/>\nRefer\u00eancias adicionais : Brasil\/Portugu\u00eas. 20 horas. Meio de divulga\u00e7\u00e3o: Outro<\/i><\/td>\n<\/tr>\n<tr>\n<td class=\"ano\" style=\"text-align: left; font-weight: bold;\" valign=\"top\" width=\"20px\">2.<\/td>\n<td class=\"texto\">\u00a0<b>ALMEIDA, M. A.<\/b><br \/>\n<b>Autoridade e Servi\u00e7o nas fontes franciscanas medievais.<\/b>, 2013. (Outro, Curso de curta dura\u00e7\u00e3o ministrado)<br \/>\n<i>Palavras-chave: Franciscanismo, Franciscanos, Religi\u00e3o<br \/>\n\u00c1reas do conhecimento : Hist\u00f3ria Antiga e Medieval,Hist\u00f3ria Moderna e Contempor\u00e2nea<br \/>\nSetores de atividade : Educa\u00e7\u00e3o<br \/>\nRefer\u00eancias adicionais : Brasil\/Portugu\u00eas. 12 horas. Meio de divulga\u00e7\u00e3o: V\u00e1rios<br \/>\nO curso de assessoramento consistiu em doze horas de confer\u00eancia e partilha sobre a evolu\u00e7\u00e3o da Ordem franciscana sob o prima das fontes medievais.<\/i><\/td>\n<\/tr>\n<tr>\n<td class=\"ano\" style=\"text-align: left; font-weight: bold;\" valign=\"top\" width=\"20px\">3.<\/td>\n<td class=\"texto\">\u00a0<b>ALMEIDA, M. A.<\/b><br \/>\n<b>Hist\u00f3ria da Igreja medieval: S\u00e3o francisco, os franciscanos e a sociedade medieval (s\u00e9c. XII-XIII)<\/b>, 2013. (Outro, Curso de curta dura\u00e7\u00e3o ministrado)<br \/>\n<i>Palavras-chave: Franciscanos, Franciscanismo, Igreja &#8211; Evangeli\u00e7\u00e3o &#8211; Miss\u00e3o &#8211; Col\u00f4nia<br \/>\n\u00c1reas do conhecimento : Hist\u00f3ria Antiga e Medieval<br \/>\nSetores de atividade : Educa\u00e7\u00e3o<br \/>\nRefer\u00eancias adicionais : Brasil\/Portugu\u00eas. 20 horas. Meio de divulga\u00e7\u00e3o: V\u00e1rios<br \/>\nCurso sobre a origem e a evolu\u00e7\u00e3o da Ordem franciscana no mundo.<\/i><\/td>\n<\/tr>\n<tr>\n<td class=\"ano\" style=\"text-align: left; font-weight: bold;\" valign=\"top\" width=\"20px\">4.<\/td>\n<td class=\"texto\">\u00a0<b>ALMEIDA, M. A.<\/b><br \/>\n<b>O franciscanismo moderno: Pernambuco, Madri e Roma (s\u00e9c. XVI-XVIII)<\/b>, 2007. (Outro, Curso de curta dura\u00e7\u00e3o ministrado)<br \/>\n<i>Palavras-chave: Cutura Religiosa, Evangeliza\u00e7\u00e3o, Miss\u00e3o Franciscana, Hist\u00f3ria, Hist\u00f3ria eclesi\u00e1stica, Historia Moderna<br \/>\nRefer\u00eancias adicionais : Brasil\/Portugu\u00eas. 18 horas.<\/i><\/td>\n<\/tr>\n<tr>\n<td class=\"ano\" style=\"text-align: left; font-weight: bold;\" valign=\"top\" width=\"20px\">5.<\/td>\n<td class=\"texto\">\u00a0<b>ALMEIDA, M. A.<\/b><br \/>\n<b>Biographie et Histoire. R\u00e9flexions m&#8221;ethodologiques.<\/b>, 2006. (Outra produ\u00e7\u00e3o t\u00e9cnica)<i><br \/>\nRefer\u00eancias adicionais : Brasil\/Franc\u00eas. Meio de divulga\u00e7\u00e3o: Outro<\/i><\/td>\n<\/tr>\n<tr>\n<td class=\"ano\" style=\"text-align: left; font-weight: bold;\" valign=\"top\" width=\"20px\">6.<\/td>\n<td class=\"texto\">\u00a0<b>ALMEIDA, M. A.<\/b><br \/>\n<b>Cristianismo: um estudo a partir das culturas<\/b>, 1999. (Outro, Curso de curta dura\u00e7\u00e3o ministrado)<br \/>\n<i>Palavras-chave: Cristianismo &#8211; Cultura religiosa<br \/>\n\u00c1reas do conhecimento : Estudo da Forma\u00e7\u00e3o Socio Religiosa do Brasil,Hist\u00f3ria do Cristianismo Cat\u00f3lico Contempor\u00e2neo,Hist\u00f3ria dos Franciscanos As no Brasil<br \/>\nSetores de atividade : Educa\u00e7\u00e3o<br \/>\nRefer\u00eancias adicionais : Brasil\/Portugu\u00eas. Meio de divulga\u00e7\u00e3o: V\u00e1rios<\/i><\/td>\n<\/tr>\n<tr>\n<td class=\"ano\" style=\"text-align: left; font-weight: bold;\" valign=\"top\" width=\"20px\">7.<\/td>\n<td class=\"texto\">\u00a0<b>ALMEIDA, M. A.<\/b><br \/>\n<b>Hist\u00f3ria Franciscana no Brasil<\/b>, 1999. (Aperfei\u00e7oamento, Curso de curta dura\u00e7\u00e3o ministrado)<br \/>\n<i>Palavras-chave: Franciscanismo<br \/>\n\u00c1reas do conhecimento : Estudo da Forma\u00e7\u00e3o Socio Religiosa do Brasil,Hist\u00f3ria do Cristianismo Cat\u00f3lico Contempor\u00e2neo,Hist\u00f3ria dos Franciscanos As no Brasil<br \/>\nSetores de atividade : Educa\u00e7\u00e3o<br \/>\nRefer\u00eancias adicionais : Brasil\/Portugu\u00eas. Meio de divulga\u00e7\u00e3o: V\u00e1rios<br \/>\nO CEFEPAL(Centro de Estudos Franciscanos para a Am\u00e9rica Latina) \u00e9 um \u00f3rg\u00e3o religioso que estuda e pesquisa o desenvolvimento da Institui\u00e7\u00e3o franciscana.<\/i><\/td>\n<\/tr>\n<tr>\n<td class=\"ano\" style=\"text-align: left; font-weight: bold;\" valign=\"top\" width=\"20px\">8.<\/td>\n<td class=\"texto\">\u00a0<b>ALMEIDA, M. A.<\/b><br \/>\n<b>A miss\u00e3o da Igreja nos grandes per\u00edodos da hist\u00f3ria<\/b>, 1998. (Outro, Curso de curta dura\u00e7\u00e3o ministrado)<br \/>\n<i>Palavras-chave: Igreja &#8211; Miss\u00e3o &#8211; Evangeliza\u00e7\u00e3o &#8211; Cultura Religios<br \/>\n\u00c1reas do conhecimento : Estudo da Forma\u00e7\u00e3o Socio Religiosa do Brasil,Hist\u00f3ria do Cristianismo Cat\u00f3lico Contempor\u00e2neo,Hist\u00f3ria dos Franciscanos As no Brasil<br \/>\nSetores de atividade : Produtos e Servi\u00e7os Recreativos, Culturais, Art\u00edsticos e Desportivos<br \/>\nRefer\u00eancias adicionais : Brasil\/Portugu\u00eas. Meio de divulga\u00e7\u00e3o: V\u00e1rios<\/i><\/td>\n<\/tr>\n<\/tbody>\n<\/table>\n","protected":false},"excerpt":{"rendered":"<p>ASSESSORIA E CONSULTORIA 1. \u00a0ALMEIDA, M. A. Introdu\u00e7\u00e3o\u00e0 hist\u00f3ria da Ordem franciscana, 2014Palavras-chave: Franciscanismo, Espiritualidade Franciscana, Franciscanos-Evangeliza\u00e7\u00e3o-Mundializa\u00e7\u00e3o \u00c1reas do conhecimento : Hist\u00f3ria Setores de atividade : Educa\u00e7\u00e3o Refer\u00eancias adicionais : Brasil\/Portugu\u00eas. Meio de divulga\u00e7\u00e3o: V\u00e1rios Curso ministrado a cinco novi\u00e7os franciscanos com a dura\u00e7\u00e3o de 20h\/aula. 2. \u00a0ALMEIDA, M. A. Hist\u00f3ria da Igreja medieval: S\u00e3o [&hellip;]<\/p>\n","protected":false},"author":1,"featured_media":0,"parent":0,"menu_order":0,"comment_status":"closed","ping_status":"closed","template":"","meta":{"footnotes":""},"class_list":["post-105","page","type-page","status-publish","hentry"],"_hostinger_reach_plugin_has_subscription_block":false,"_hostinger_reach_plugin_is_elementor":false,"_links":{"self":[{"href":"https:\/\/marcosbrasilico.com.br\/index.php?rest_route=\/wp\/v2\/pages\/105","targetHints":{"allow":["GET"]}}],"collection":[{"href":"https:\/\/marcosbrasilico.com.br\/index.php?rest_route=\/wp\/v2\/pages"}],"about":[{"href":"https:\/\/marcosbrasilico.com.br\/index.php?rest_route=\/wp\/v2\/types\/page"}],"author":[{"embeddable":true,"href":"https:\/\/marcosbrasilico.com.br\/index.php?rest_route=\/wp\/v2\/users\/1"}],"replies":[{"embeddable":true,"href":"https:\/\/marcosbrasilico.com.br\/index.php?rest_route=%2Fwp%2Fv2%2Fcomments&post=105"}],"version-history":[{"count":10,"href":"https:\/\/marcosbrasilico.com.br\/index.php?rest_route=\/wp\/v2\/pages\/105\/revisions"}],"predecessor-version":[{"id":269,"href":"https:\/\/marcosbrasilico.com.br\/index.php?rest_route=\/wp\/v2\/pages\/105\/revisions\/269"}],"wp:attachment":[{"href":"https:\/\/marcosbrasilico.com.br\/index.php?rest_route=%2Fwp%2Fv2%2Fmedia&parent=105"}],"curies":[{"name":"wp","href":"https:\/\/api.w.org\/{rel}","templated":true}]}}