{"id":108,"date":"2018-02-16T23:33:02","date_gmt":"2018-02-17T01:33:02","guid":{"rendered":"http:\/\/marcosbrasilico.com.br\/?page_id=108"},"modified":"2018-02-21T01:47:53","modified_gmt":"2018-02-21T01:47:53","slug":"educacao-e-popularizacao-de-ct","status":"publish","type":"page","link":"https:\/\/marcosbrasilico.com.br\/?page_id=108","title":{"rendered":"Educa\u00e7\u00e3o e Populariza\u00e7\u00e3o de C&#038;T"},"content":{"rendered":"<h5>ARTIGOS COMPLEMENTARES PUBLICADOS EM PERI\u00d3DICOS<\/h5>\n<table class=\"IndicProdTabela\">\n<tbody>\n<tr>\n<td class=\"ano\" style=\"text-align: left; font-weight: bold;\" valign=\"top\" width=\"20px\">1.<\/td>\n<td class=\"texto\">\u00a0<b>ALMEIDA, M. A.<\/b><br \/>\nReinventando a m\u00edstica franciscana no Brasil do s\u00e9culo XVIII das quatro partes do mundo ao Novo Bras\u00edlico. Revista Portuguesa de Ci\u00eancia das Religi\u00f5es. , v.13\/14, p.275 &#8211; 287, 2008.<br \/>\n<i>\u00c1reas do conhecimento : Hist\u00f3ria do Brasil Col\u00f4nia<br \/>\nSetores de atividade : Educa\u00e7\u00e3o<br \/>\nRefer\u00eancias adicionais : Portugu\u00eas. Meio de divulga\u00e7\u00e3o: Impresso<\/i><\/td>\n<\/tr>\n<tr>\n<td class=\"ano\" style=\"text-align: left; font-weight: bold;\" valign=\"top\" width=\"20px\">2.<\/td>\n<td class=\"texto\">\u00a0<b>ALMEIDA, M. A.<\/b><br \/>\nA renova\u00e7\u00e3o do mundo: viv\u00eancia messi\u00e2nico-milenarista no cristianismo.. Symposium (Recife). , v.Ano 3, p.79 &#8211; 103, 1999.<br \/>\n<i>Palavras-chave: Cultura Religiosa, Sincretismo Cultural, Sincretismo Crist\u00e3o, Identidade e Religi\u00e3o<br \/>\n\u00c1reas do conhecimento : Estudo da Forma\u00e7\u00e3o Socio Religiosa do Brasil,Hist\u00f3ria,Teologia<br \/>\nSetores de atividade : Educa\u00e7\u00e3o Superior, Outros, Educa\u00e7\u00e3o<br \/>\nRefer\u00eancias adicionais : Portugu\u00eas. Meio de divulga\u00e7\u00e3o: Impresso<\/i><\/td>\n<\/tr>\n<tr>\n<td class=\"ano\" style=\"text-align: left; font-weight: bold;\" valign=\"top\" width=\"20px\">3.<\/td>\n<td class=\"texto\">\u00a0<b>ALMEIDA, M. A.<\/b><br \/>\nA religi\u00e3o em Pe. Ant\u00f4nio Vieira: esbo\u00e7o para uma compreens\u00e3o do discurso crist\u00e3o colonial.. Fasa Unicap. , v.6, p.47 &#8211; 71, 1998.<br \/>\n<i>Palavras-chave: Cultura Religiosa, Pastoral Catolica, Ritos da evangeliza\u00e7\u00e3o catolica, Sincretismo Cultural, Sincretismo Crist\u00e3o<br \/>\n\u00c1reas do conhecimento : Estudo da Forma\u00e7\u00e3o Socio Religiosa do Brasil,Hist\u00f3ria do Cristianismo Cat\u00f3lico Contempor\u00e2neo,Historia dos Franciscanos no Brasil<br \/>\nRefer\u00eancias adicionais : Portugu\u00eas. Meio de divulga\u00e7\u00e3o: Impresso<\/i><\/td>\n<\/tr>\n<tr>\n<td class=\"ano\" style=\"text-align: left; font-weight: bold;\" valign=\"top\" width=\"20px\">4.<\/td>\n<td class=\"texto\">\u00a0<b>ALMEIDA, M. A.<\/b><br \/>\nDevo\u00e7\u00f5es franciscanas no Brasil colonial: os santos e a morte.. REB &#8211; Revista Eclesi\u00e1stica Brasileira. , v.56, p.616 &#8211; 635, 1996.<br \/>\n<i>Palavras-chave: Ritos e devo\u00e7\u00e3o, Cultura Religiosa, Cultura Crist\u00e3, Pratica cultural catolica, Sincretismo Cultural<br \/>\n\u00c1reas do conhecimento : Estudo da Forma\u00e7\u00e3o Socio Religiosa do Brasil,Hist\u00f3ria do Cristianismo Cat\u00f3lico Contempor\u00e2neo,Historia dos Franciscanos no Brasil<br \/>\nSetores de atividade : Produtos e Servi\u00e7os Recreativos, Culturais, Art\u00edsticos e Desportivos<br \/>\nRefer\u00eancias adicionais : Portugu\u00eas. Meio de divulga\u00e7\u00e3o: Impresso<\/i><\/td>\n<\/tr>\n<\/tbody>\n<\/table>\n<p>&nbsp;<\/p>\n<h5>CAP\u00cdTULOS DE LIVROS PUBLICADOS<\/h5>\n<table class=\"IndicProdTabela\">\n<tbody>\n<tr>\n<td class=\"ano\" style=\"text-align: left; font-weight: bold;\" valign=\"top\" width=\"20px\">1.<\/td>\n<td class=\"texto\">\u00a0<b>ALMEIDA, M. A.<\/b><br \/>\nEl Orbe Serafico, Novo Brasilco: Fray Jaboat\u00e3o y los franciscanos en Pernambuco (Brasil) en el siglo XVIII. In: De la monarqu\u00eda Hisp\u00e1nica a la Uni\u00f3n Europea. Relaciones Internacionales, Comercio e Imaginarios Colectivos..1 ed.Murcia : Universidad de Murcia &#8211; Servicios de Publicaciones, 2013, v.6, p. 79-87.<br \/>\n<i>Palavras-chave: Brasil colonial, Franciscanos-Evangeliza\u00e7\u00e3o-Mundializa\u00e7\u00e3o, Identidade Religiosa, Mesti\u00e7agem, Cultura Crist\u00e3<br \/>\n\u00c1reas do conhecimento : Hist\u00f3ria da Am\u00e9rica,Historia dos Franciscanos no Brasil,Cultura e Religi\u00e3o no Brasil Colonial<br \/>\nSetores de atividade : Educa\u00e7\u00e3o<br \/>\nRefer\u00eancias adicionais : Brasil\/Espanhol. Meio de divulga\u00e7\u00e3o: Impresso, ISBN: 9788415463962<br \/>\nEste artigo remete ao leitor ao tema de tese defendido em 2012, na EHESS-Paris, sob a dire\u00e7\u00e3o de Serge GRUZINSK. O tema dos franciscanos no Brasil \u00e9 abordado a partir da espiritualidade franciscana em sintonia com as expectativas culturais e sociais do Brasil do s\u00e9culo XVIII.<\/i><\/td>\n<\/tr>\n<tr>\n<td class=\"ano\" style=\"text-align: left; font-weight: bold;\" valign=\"top\" width=\"20px\">2.<\/td>\n<td class=\"texto\">\u00a0<b>ALMEIDA, M. A.<\/b><br \/>\nA Irmandade de S\u00e3o Gon\u00e7alo Garcia em Pernambuco: a apoteose dos Homens Pardos em Recife (1745). In: Cultura e sociabilidades no mundo Atl\u00e2ntico..23 ed.Recife : Ed. Universitaria UFPE, 2012, p. 425-451.<br \/>\n<i>Palavras-chave: Brasil colonial, Cultura Religiosa Colonial lusa-brasileira, Miss\u00e3o Franciscana, Espiritualidade Franciscana, Catolicismo Popular<br \/>\n\u00c1reas do conhecimento : Teologia da Historia,Cultura Crist\u00e3 no Brasil Colonial,MIss\u00e3o Franciscana<br \/>\nSetores de atividade : Educa\u00e7\u00e3o<br \/>\nRefer\u00eancias adicionais : Brasil\/Portugu\u00eas. Meio de divulga\u00e7\u00e3o: Impresso, ISBN: 9788541500845<br \/>\nEste artigo foi apresentado no III Encontro Internacional de Historia Colonial, no Recife, em 2010. Nele procuramos repensar o grupo social de Pardos em plena ascen\u00e7\u00e3o na sociedade luso-brasileira. Trata-se de um olhar particular de Fr. Antonio de Santa Maria Jaboat\u00e3o a partir de Pernambuco. Esse franciscano letrado inova alguns \u00e2ngulos do pensamento brasileiro sobre o Brasil e sua gente.<\/i><\/td>\n<\/tr>\n<tr>\n<td class=\"ano\" style=\"text-align: left; font-weight: bold;\" valign=\"top\" width=\"20px\">3.<\/td>\n<td class=\"texto\">\u00a0<b>ALMEIDA, M. A.<\/b><br \/>\nFranciscanos em \u00e9poca de transi\u00e7\u00e3o In: Igreja e convento de S\u00e3o Francisco da Bahia.1 ed.Rio de Janeiro : Versal, 2009, p. 89-122.<br \/>\n<i>Palavras-chave: Igreja e Convento de S\u00e3o Francisco, Arte Sacra, Igreja-Hist\u00f3ria-Religi\u00e3o-Miss\u00e3o, Hist\u00f3ria<br \/>\n\u00c1reas do conhecimento : Historia dos Franciscanos no Brasil<br \/>\nSetores de atividade : Educa\u00e7\u00e3o<br \/>\nRefer\u00eancias adicionais : Brasil\/Portugu\u00eas. Meio de divulga\u00e7\u00e3o: Impresso, ISBN: 9788589309240<\/i><\/td>\n<\/tr>\n<tr>\n<td class=\"ano\" style=\"text-align: left; font-weight: bold;\" valign=\"top\" width=\"20px\">4.<\/td>\n<td class=\"texto\">\u00a0<b>ALMEIDA, M. A.<\/b><br \/>\nMendigas, Santas e loucas, das ruas \u00e0s clausuras. Para uma compreens\u00e3o sobre a condi\u00e7\u00e3o feminina no Brasil (s\u00e9culo XIX). In: Condi\u00e7\u00e3o Feminina no Imp\u00e9rio Colonial Portugu\u00eas..1 ed.Porto : Edi\u00e7\u00f5es Politema, 2008, p. 381-396.<br \/>\n<i>Palavras-chave: Cultura Urbana e Religi\u00e3o, Pastoral Catolica, Sociedade &#8211; valores &#8211; ra\u00e7a, Identidade e Religi\u00e3o<br \/>\n\u00c1reas do conhecimento : Hist\u00f3ria do Brasil Col\u00f4nia,Estudo da Forma\u00e7\u00e3o Socio Religiosa do Brasil,Hist\u00f3ria<br \/>\nSetores de atividade : Educa\u00e7\u00e3o<br \/>\nRefer\u00eancias adicionais : Portugal\/Portugu\u00eas. Meio de divulga\u00e7\u00e3o: Impresso, ISBN: 9789728688547<br \/>\nO texto aborda a condi\u00e7\u00e3o feminina no Brasil, s\u00e9culo XIX. A documenta\u00e7\u00e3o pesquisada revela o paradoxo entre a prote\u00e7\u00e3o e o abandono vividos pela mulher em algumas partes do Brasil colonial.<\/i><\/td>\n<\/tr>\n<\/tbody>\n<\/table>\n<p>&nbsp;<\/p>\n<h5>APRESENTA\u00c7\u00c3O DE TRABALHO E PALESTRA<\/h5>\n<table class=\"IndicProdTabela\">\n<tbody>\n<tr>\n<td class=\"ano\" style=\"text-align: left; font-weight: bold;\" valign=\"top\" width=\"20px\">1.<\/td>\n<td class=\"texto\">\u00a0<b>ALMEIDA, M. A.<\/b><br \/>\n<b>Jo\u00e3o Duns Escoto (1265\/66-1308): influ\u00eancia de um pensador medieval nas letras e letrados franciscanos na Ib\u00e9ro-am\u00e9rica (S\u00e9c. XVI-XIX)<\/b>, 2014. (Simp\u00f3sio,Apresenta\u00e7\u00e3o de Trabalho)<br \/>\n<i>Palavras-chave: Franciscanos, Miss\u00e3o Franciscana, Evangeliza\u00e7\u00e3o, Igreja e Sociedade medievais, Mesti\u00e7agem<br \/>\nSetores de atividade : Educa\u00e7\u00e3o<br \/>\nRefer\u00eancias adicionais : Brasil\/Portugu\u00eas.<br \/>\nEsta comunica\u00e7\u00e3o \u00e9 um esbo\u00e7o de uma pesquisa em andamento. O tema da &#8220;Cultura Franciscana&#8221; transversaliza o dialogo cultural entre a Evangeliza\u00e7\u00e3o e a Forma\u00e7\u00e3o do Brasil (s\u00e9c. XVI-XIX). A import\u00e2ncia das atividades franciscanas reside no fato de reconhecer a influ\u00eancia das ideias franciscanas medievais que animaram e sustentaram um olhar singular sobre a terra, os homens e as coisas at\u00e9 ent\u00e3o desconhecidos e\/ou em via de conhecimento. A teoria de Duns Escoto poderia fornecer um aporte teorico uma compreens\u00e3o analitica e explicativa do Brasil colonial? Esta quest\u00e3o seria a base da nossa investiga\u00e7\u00e3o.; Local: Alagoas; Cidade: Maceio; Evento: 5\u00b0 Encontro Internacional de Historia Colonial; Inst.promotora\/financiadora: GEAC\/UFAL &#8211; Grupo de Estudos Am\u00e9rica Colonial<\/i><\/td>\n<\/tr>\n<tr>\n<td class=\"ano\" style=\"text-align: left; font-weight: bold;\" valign=\"top\" width=\"20px\">2.<\/td>\n<td class=\"texto\">\u00a0<b>ALMEIDA, M. A.<\/b><br \/>\n<b>Os franciscanos e o Santo Of\u00edcio no Brasil colonial.<\/b>, 2013. (Simp\u00f3sio,Apresenta\u00e7\u00e3o de Trabalho)<br \/>\n<i>Palavras-chave: Brasil Col\u00f4nia, Catolicismo brasileiro-Religiosidade pernambucana-, Franciscanos, Franciscanismo<br \/>\n\u00c1reas do conhecimento : Hist\u00f3ria da Am\u00e9rica,Hist\u00f3ria da Igreja Cat\u00f3lica no Brasil,Hist\u00f3ria Moderna e Contempor\u00e2nea<br \/>\nSetores de atividade : Educa\u00e7\u00e3o<br \/>\nRefer\u00eancias adicionais : Brasil\/Portugu\u00eas. Meio de divulga\u00e7\u00e3o: Impresso<br \/>\nA comunica\u00e7\u00e3o consistiu em apresentar um esbo\u00e7o de pesquisa sobre a presen\u00e7a franciscana no sistema do Santo Of\u00edcio no Brasil.; Local: UFBA; Cidade: Salvador; Evento: II Simp\u00f3sio INternacional de Estudos Inquisitoriais: religi\u00e3o e poder.; Inst.promotora\/financiadora: Faculdade de Filosofia e Ci\u00eancias Humanas da Universidade Federal da Bahia<\/i><\/td>\n<\/tr>\n<\/tbody>\n<\/table>\n<p>&nbsp;<\/p>\n<h5>CURSO DE CURTA DURA\u00c7\u00c3O MINISTRADO<\/h5>\n<table class=\"IndicProdTabela\">\n<tbody>\n<tr>\n<td class=\"ano\" style=\"text-align: left; font-weight: bold;\" valign=\"top\" width=\"20px\">1.<\/td>\n<td class=\"texto\">\u00a0<b>ALMEIDA, M. A.<\/b><br \/>\n<b>Historia Franciscana: origens e posteridade.<\/b>, 2015. (Outro, Curso de curta dura\u00e7\u00e3o ministrado)<br \/>\n<i>Palavras-chave: Arquivo Franciscano colonial, Franciscanos, Espiritualidade Franciscana, Religiosidade medieval e moderna, Franciscanismo<br \/>\nRefer\u00eancias adicionais : Brasil\/Portugu\u00eas. 20 horas. Meio de divulga\u00e7\u00e3o: Outro<\/i><\/td>\n<\/tr>\n<tr>\n<td class=\"ano\" style=\"text-align: left; font-weight: bold;\" valign=\"top\" width=\"20px\">2.<\/td>\n<td class=\"texto\">\u00a0<b>ALMEIDA, M. A.<\/b><br \/>\n<b>Autoridade e Servi\u00e7o nas fontes franciscanas medievais.<\/b>, 2013. (Outro, Curso de curta dura\u00e7\u00e3o ministrado)<br \/>\n<i>Palavras-chave: Franciscanismo, Franciscanos, Religi\u00e3o<br \/>\n\u00c1reas do conhecimento : Hist\u00f3ria Antiga e Medieval,Hist\u00f3ria Moderna e Contempor\u00e2nea<br \/>\nSetores de atividade : Educa\u00e7\u00e3o<br \/>\nRefer\u00eancias adicionais : Brasil\/Portugu\u00eas. 12 horas. Meio de divulga\u00e7\u00e3o: V\u00e1rios<br \/>\nO curso de assessoramento consistiu em doze horas de confer\u00eancia e partilha sobre a evolu\u00e7\u00e3o da Ordem franciscana sob o prima das fontes medievais.<\/i><\/td>\n<\/tr>\n<tr>\n<td class=\"ano\" style=\"text-align: left; font-weight: bold;\" valign=\"top\" width=\"20px\">3.<\/td>\n<td class=\"texto\">\u00a0<b>ALMEIDA, M. A.<\/b><br \/>\n<b>Hist\u00f3ria da Igreja medieval: S\u00e3o francisco, os franciscanos e a sociedade medieval (s\u00e9c. XII-XIII)<\/b>, 2013. (Outro, Curso de curta dura\u00e7\u00e3o ministrado)<br \/>\n<i>Palavras-chave: Franciscanos, Franciscanismo, Igreja &#8211; Evangeli\u00e7\u00e3o &#8211; Miss\u00e3o &#8211; Col\u00f4nia<br \/>\n\u00c1reas do conhecimento : Hist\u00f3ria Antiga e Medieval<br \/>\nSetores de atividade : Educa\u00e7\u00e3o<br \/>\nRefer\u00eancias adicionais : Brasil\/Portugu\u00eas. 20 horas. Meio de divulga\u00e7\u00e3o: V\u00e1rios<br \/>\nCurso sobre a origem e a evolu\u00e7\u00e3o da Ordem franciscana no mundo.<\/i><\/td>\n<\/tr>\n<\/tbody>\n<\/table>\n<p>&nbsp;<\/p>\n<h5>ENTREVISTA, MESAS REDONDAS, PROGRAMAS E COMENT\u00c1RIOS NA M\u00cdDIA<\/h5>\n<table class=\"IndicProdTabela\">\n<tbody>\n<tr>\n<td class=\"ano\" style=\"text-align: left; font-weight: bold;\" valign=\"top\" width=\"20px\">1.<\/td>\n<td class=\"texto\">\u00a0<b>ALMEIDA, M. A.<\/b><br \/>\n<b>Institui\u00e7\u00f5es, Familia e Mesti\u00e7agens no Brasil (S\u00e9c. XVI-XIX)<\/b>, 2013. (Mesa redonda, Programa de R\u00e1dio ou TV)<br \/>\n<i>Palavras-chave: Brasil Col\u00f4nia, Cultura Religiosa, Catolicismo, Hist\u00f3ria eclesi\u00e1stica, Historia Moderna<br \/>\nRefer\u00eancias adicionais : Brasil\/Portugu\u00eas.<\/i><\/td>\n<\/tr>\n<\/tbody>\n<\/table>\n<p>&nbsp;<\/p>\n<h5>ORGANIZA\u00c7\u00c3O DE EVENTOS, CONGRESSOS, EXPOSI\u00c7\u00d5ES, FEIRAS E OLIMP\u00cdADAS<\/h5>\n<table class=\"IndicProdTabela\">\n<tbody>\n<tr>\n<td class=\"ano\" style=\"text-align: left; font-weight: bold;\" valign=\"top\" width=\"20px\">1.<\/td>\n<td class=\"texto\">\u00a0<b>ALMEIDA, M. A.<\/b>; Suely de Almeida<br \/>\n<b>II Simp\u00f3sio Internacional de Estudos Inquisitoriais: religi\u00e3o e poder<\/b>, 2013. (Congresso, Organiza\u00e7\u00e3o de evento)<br \/>\n<i>Palavras-chave: Brasil colonial, Franciscanismo, Franciscanos<br \/>\n\u00c1reas do conhecimento : Hist\u00f3ria do Brasil,Hist\u00f3ria da Am\u00e9rica<br \/>\nSetores de atividade : Educa\u00e7\u00e3o<br \/>\nRefer\u00eancias adicionais : Brasil\/Portugu\u00eas. Meio de divulga\u00e7\u00e3o: V\u00e1rios<br \/>\nO ST 7 consistiu em reunir estudos e pesquisas acerca de pr\u00e1ticas religiosas e institui\u00e7\u00f5es que foram perseguidos pelo Santo Of\u00edcio.<\/i><\/td>\n<\/tr>\n<\/tbody>\n<\/table>\n<p>&nbsp;<\/p>\n<h5>PARTICIPA\u00c7\u00c3O EM EVENTOS, CONGRESSOS, EXPOSI\u00c7\u00d5ES, FEIRAS E OLIMP\u00cdADAS<\/h5>\n<table class=\"IndicProdTabela\">\n<tbody>\n<tr>\n<td class=\"ano\" style=\"text-align: left; font-weight: bold;\" valign=\"top\" width=\"20px\">1.<\/td>\n<td class=\"texto\">\u00a0<b>5\u00b0 Encontro Internacional de Historia Colonial<\/b>, 2014. (Encontro)<br \/>\nJo\u00e3o Duns Escoto (1265\/66-1308): influ\u00eancia de um pensador medieval nas letras e letrados franciscanos na Ib\u00e9ro-am\u00e9rica (S\u00e9c. XVI-XIX).<\/td>\n<\/tr>\n<\/tbody>\n<\/table>\n<p>&nbsp;<\/p>\n<h5>DEMAIS PRODU\u00c7\u00d5ES T\u00c9CNICAS<\/h5>\n<table class=\"IndicProdTabela\">\n<tbody>\n<tr>\n<td class=\"ano\" style=\"text-align: left; font-weight: bold;\" valign=\"top\" width=\"20px\">1.<\/td>\n<td class=\"texto\">\u00a0<b>ALMEIDA, M. A.<\/b><br \/>\n<b>Historia Franciscana: origens e posteridade.<\/b>, 2015. (Outro, Curso de curta dura\u00e7\u00e3o ministrado)<br \/>\n<i>Palavras-chave: Arquivo Franciscano colonial, Franciscanos, Espiritualidade Franciscana, Religiosidade medieval e moderna, Franciscanismo<br \/>\nRefer\u00eancias adicionais : Brasil\/Portugu\u00eas. 20 horas. Meio de divulga\u00e7\u00e3o: Outro<\/i><\/td>\n<\/tr>\n<tr>\n<td class=\"ano\" style=\"text-align: left; font-weight: bold;\" valign=\"top\" width=\"20px\">2.<\/td>\n<td class=\"texto\">\u00a0<b>ALMEIDA, M. A.<\/b><br \/>\n<b>Autoridade e Servi\u00e7o nas fontes franciscanas medievais.<\/b>, 2013. (Outro, Curso de curta dura\u00e7\u00e3o ministrado)<br \/>\n<i>Palavras-chave: Franciscanismo, Franciscanos, Religi\u00e3o<br \/>\n\u00c1reas do conhecimento : Hist\u00f3ria Antiga e Medieval,Hist\u00f3ria Moderna e Contempor\u00e2nea<br \/>\nSetores de atividade : Educa\u00e7\u00e3o<br \/>\nRefer\u00eancias adicionais : Brasil\/Portugu\u00eas. 12 horas. Meio de divulga\u00e7\u00e3o: V\u00e1rios<br \/>\nO curso de assessoramento consistiu em doze horas de confer\u00eancia e partilha sobre a evolu\u00e7\u00e3o da Ordem franciscana sob o prima das fontes medievais.<\/i><\/td>\n<\/tr>\n<tr>\n<td class=\"ano\" style=\"text-align: left; font-weight: bold;\" valign=\"top\" width=\"20px\">3.<\/td>\n<td class=\"texto\">\u00a0<b>ALMEIDA, M. A.<\/b><br \/>\n<b>Hist\u00f3ria da Igreja medieval: S\u00e3o francisco, os franciscanos e a sociedade medieval (s\u00e9c. XII-XIII)<\/b>, 2013. (Outro, Curso de curta dura\u00e7\u00e3o ministrado)<br \/>\n<i>Palavras-chave: Franciscanos, Franciscanismo, Igreja &#8211; Evangeli\u00e7\u00e3o &#8211; Miss\u00e3o &#8211; Col\u00f4nia<br \/>\n\u00c1reas do conhecimento : Hist\u00f3ria Antiga e Medieval<br \/>\nSetores de atividade : Educa\u00e7\u00e3o<br \/>\nRefer\u00eancias adicionais : Brasil\/Portugu\u00eas. 20 horas. Meio de divulga\u00e7\u00e3o: V\u00e1rios<br \/>\nCurso sobre a origem e a evolu\u00e7\u00e3o da Ordem franciscana no mundo.<\/i><\/td>\n<\/tr>\n<\/tbody>\n<\/table>\n","protected":false},"excerpt":{"rendered":"<p>ARTIGOS COMPLEMENTARES PUBLICADOS EM PERI\u00d3DICOS 1. \u00a0ALMEIDA, M. A. Reinventando a m\u00edstica franciscana no Brasil do s\u00e9culo XVIII das quatro partes do mundo ao Novo Bras\u00edlico. Revista Portuguesa de Ci\u00eancia das Religi\u00f5es. , v.13\/14, p.275 &#8211; 287, 2008. \u00c1reas do conhecimento : Hist\u00f3ria do Brasil Col\u00f4nia Setores de atividade : Educa\u00e7\u00e3o Refer\u00eancias adicionais : Portugu\u00eas. [&hellip;]<\/p>\n","protected":false},"author":1,"featured_media":0,"parent":0,"menu_order":0,"comment_status":"closed","ping_status":"closed","template":"","meta":{"footnotes":""},"class_list":["post-108","page","type-page","status-publish","hentry"],"_hostinger_reach_plugin_has_subscription_block":false,"_hostinger_reach_plugin_is_elementor":false,"_links":{"self":[{"href":"https:\/\/marcosbrasilico.com.br\/index.php?rest_route=\/wp\/v2\/pages\/108","targetHints":{"allow":["GET"]}}],"collection":[{"href":"https:\/\/marcosbrasilico.com.br\/index.php?rest_route=\/wp\/v2\/pages"}],"about":[{"href":"https:\/\/marcosbrasilico.com.br\/index.php?rest_route=\/wp\/v2\/types\/page"}],"author":[{"embeddable":true,"href":"https:\/\/marcosbrasilico.com.br\/index.php?rest_route=\/wp\/v2\/users\/1"}],"replies":[{"embeddable":true,"href":"https:\/\/marcosbrasilico.com.br\/index.php?rest_route=%2Fwp%2Fv2%2Fcomments&post=108"}],"version-history":[{"count":7,"href":"https:\/\/marcosbrasilico.com.br\/index.php?rest_route=\/wp\/v2\/pages\/108\/revisions"}],"predecessor-version":[{"id":264,"href":"https:\/\/marcosbrasilico.com.br\/index.php?rest_route=\/wp\/v2\/pages\/108\/revisions\/264"}],"wp:attachment":[{"href":"https:\/\/marcosbrasilico.com.br\/index.php?rest_route=%2Fwp%2Fv2%2Fmedia&parent=108"}],"curies":[{"name":"wp","href":"https:\/\/api.w.org\/{rel}","templated":true}]}}