{"id":110,"date":"2018-02-16T23:39:38","date_gmt":"2018-02-17T01:39:38","guid":{"rendered":"http:\/\/marcosbrasilico.com.br\/?page_id=110"},"modified":"2018-02-21T01:48:14","modified_gmt":"2018-02-21T01:48:14","slug":"orientacoes-e-supervisoes","status":"publish","type":"page","link":"https:\/\/marcosbrasilico.com.br\/?page_id=110","title":{"rendered":"Orienta\u00e7\u00f5es e Supervis\u00f5es"},"content":{"rendered":"<h5>TRABALHOS DE CONCLUS\u00c3O DE CURSOS DE GRADUA\u00c7\u00c3O<\/h5>\n<table class=\"IndicProdTabela\">\n<tbody>\n<tr>\n<td class=\"ano\" style=\"text-align: left; font-weight: bold;\" valign=\"top\" width=\"20px\">1.<\/td>\n<td class=\"texto\">\u00a0Cl\u00e1udio Sim\u00f5es Galindo.\u00a0<b>A devo\u00e7\u00e3o mariana no Brasil: uma hist\u00f3ria antiga e contempor\u00e2nea.<\/b>. 2013. Curso (Teologia) &#8211; Universidade Cat\u00f3lica de Pernambuco<br \/>\n<i>Palavras-chave: Brasil Col\u00f4nia, Catequese Colonial, Catolicismo brasileiro-Religiosidade pernambucana-, Catolicismo Popular, Cristianismo &#8211; Cultura religiosa<br \/>\n\u00c1reas do conhecimento : Cultura Crist\u00e3 no Brasil Colonial,Teologia da Historia,Hist\u00f3ria do Cristianismo<br \/>\nSetores de atividade : Educa\u00e7\u00e3o, Outras atividades de servi\u00e7os pessoais<br \/>\nRefer\u00eancias adicionais : Brasil\/Portugu\u00eas.<br \/>\nEsta monografia de TCC \u00e9 fruto de uma pesauisa hist\u00f3rica associada \u00e0s pr\u00e1ticas cat\u00f3licas marianas. A base da pesquyisa \u00e9 a tradi\u00e7\u00e3o do culto e da devo\u00e7\u00e3o \u00e0 M\u00e3e de Deus (TEOTOKOS), seguinda a tradi\u00e7\u00e3o da Igreja Oriental e a cria\u00e7\u00e3o do dogma da Imaculada Concei\u00e7\u00e3o de Maria (1854). Depois de v\u00e1rias pr\u00e1ticas religiosas, os crist\u00e3o sistematizaram os dois dogmas fundamentais para a afirma\u00e7\u00e3o da Humanidade e Divindade de Jesus, o Cristo.<\/i><\/td>\n<\/tr>\n<tr>\n<td class=\"ano\" style=\"text-align: left; font-weight: bold;\" valign=\"top\" width=\"20px\">2.<\/td>\n<td class=\"texto\">\u00a0Paulo Luiz Fernades da Silva.\u00a0<b>Pe. Lino do Monte Carmelo Luna: suas obras e seus pensamentos sobre o Brasil.<\/b>. 2013. Curso (Teologia) &#8211; Universidade Cat\u00f3lica de Pernambuco<br \/>\n<i>Palavras-chave: Catolicismo, Catolicismo brasileiro-Religiosidade pernambucana-, Cristianismo &#8211; Cultura religiosa, Cultura Crist\u00e3, Cultura Urbana e Religi\u00e3o<br \/>\n\u00c1reas do conhecimento : Cultura Crist\u00e3 no Brasil Colonial,Estudo da Forma\u00e7\u00e3o Socio Religiosa do Brasil,Hist\u00f3ria Regional do Brasil<br \/>\nRefer\u00eancias adicionais : Brasil\/Portugu\u00eas.<br \/>\nEste TCC \u00e9 o resultado de uma pesquisa sobre o Pe. Lino do Monte Carmelo Luno, cl\u00e9rigo pernambucano mais conhecido leo nome de Pe. Lino. Este foi um padre e intelectualk pernambucano que usou do seu saber hist\u00f3rico para encontrar as ra\u00edzes da identidade pernambucana. Homem erudito e enciclop\u00e9dico, este carmelita construiu uma longa trajet\u00f3ria lieter\u00e1ria na qual a prov\u00edncia de Pernambuco tem um lugar privilegiado.<\/i><\/td>\n<\/tr>\n<tr>\n<td class=\"ano\" style=\"text-align: left; font-weight: bold;\" valign=\"top\" width=\"20px\">3.<\/td>\n<td class=\"texto\">\u00a0Diniz Ferreira de Souza.\u00a0<b>S\u00e3o Francisco e o Brasil.<\/b>. 2013. Curso (Teologia) &#8211; Universidade Cat\u00f3lica de Pernambuco<br \/>\n<i>Palavras-chave: Catequese Colonial, Catolicismo Popular, Cultura Religiosa, Franciscanismo &#8211; Miss\u00f5es &#8211; Igreja &#8211; Brasil Colonia, Igreja-Franciscanos-Brasil colonial<br \/>\n\u00c1reas do conhecimento : MIss\u00e3o Franciscana,Cultura Crist\u00e3 no Brasil Colonial,Cultura Franciscana no Brasil<br \/>\nSetores de atividade : Educa\u00e7\u00e3o, Outras atividades de servi\u00e7os pessoais<br \/>\nRefer\u00eancias adicionais : Brasil\/Portugu\u00eas.<br \/>\nEste TCC pesauisou e refletiu sobre as heran\u00e7as franciscanas no Brasil. O ponto de partida \u00e9 o franciscanismo medieval, tendo por base a experi\u00eancia de Franciscano de Assis e a impress\u00e3o das Chagas no Monte Alverne, nos arredores de Assis, na It\u00e1lia. A partir da\u00ed, Francisco de Assis \u00e9 associado ao ser\u00e1fico, anjo de primeira grande e que lhe teria aparecido numa vis\u00e3o maravilhosamente indescrit\u00edvel, tal como os grandes fen\u00f4menos m\u00edsticos medievais. Dessa forma, os franciscanos, filhos do ser\u00e1ficos espalharia essa narrativa atrav\u00e9s de textos e imagens por todo o orbe cat\u00f3lico. No Brasil, o enfoque se centra no santu\u00e1rio de Vanind\u00e9, no Cear\u00e1, segundo santu\u00e1rio franciscano no mundo cat\u00f3lico, perdendo apenas para o de Assis, ber\u00e7o da Ordem dos Frades Menores.<\/i><\/td>\n<\/tr>\n<tr>\n<td class=\"ano\" style=\"text-align: left; font-weight: bold;\" valign=\"top\" width=\"20px\">4.<\/td>\n<td class=\"texto\">\u00a0Ant\u00f4nio Batista de Lima.\u00a0<b>Atua\u00e7\u00e3o pastoral de padre Ibiapina na regi\u00e3o de Campina Grande<\/b>. 2011. Curso (Teologia) &#8211; Universidade Cat\u00f3lica de Pernambuco<br \/>\n<i>Palavras-chave: Cristianismo, Cristianismo &#8211; Religi\u00e3o &#8211; Evangeliza\u00e7\u00e3o &#8211; Historia<br \/>\n\u00c1reas do conhecimento : Teologia<br \/>\nSetores de atividade : Educa\u00e7\u00e3o<br \/>\nRefer\u00eancias adicionais : Brasil\/Portugu\u00eas.<\/i><\/td>\n<\/tr>\n<tr>\n<td class=\"ano\" style=\"text-align: left; font-weight: bold;\" valign=\"top\" width=\"20px\">5.<\/td>\n<td class=\"texto\">\u00a0Marconi de Queiroz Campos.\u00a0<b>Os c\u00e1taros e o catarismo.<\/b>. 2006. Curso (Teologia) &#8211; Universidade Cat\u00f3lica de Pernambuco<br \/>\n<i>\u00c1reas do conhecimento : Teologia<br \/>\nSetores de atividade : Outros<br \/>\nRefer\u00eancias adicionais : Brasil\/Portugu\u00eas.<br \/>\nMonografia de conclus\u00e3o do curso de bacharelado em Teologia, UNICAP<\/i><\/td>\n<\/tr>\n<\/tbody>\n<\/table>\n<p>&nbsp;<\/p>\n<h5>INICIA\u00c7\u00c3O CIENT\u00cdFICA<\/h5>\n<table class=\"IndicProdTabela\">\n<tbody>\n<tr>\n<td class=\"ano\" style=\"text-align: left; font-weight: bold;\" valign=\"top\" width=\"20px\">1.<\/td>\n<td class=\"texto\">\u00a0Denise de Souza Ferreira.\u00a0<b>A hist\u00f3ria eclesi\u00e1stica e das institui\u00e7\u00f5es religiosas nas bibliotecas e nos arquivos de Pernambuco.<\/b>. 2006. Inicia\u00e7\u00e3o cient\u00edfica (Hist\u00f3ria) &#8211; Universidade Cat\u00f3lica de Pernambuco<br \/>\n<i>Palavras-chave: Arquivo, biblioteca, m\u00e9todo, interdisciplinaridade<br \/>\n\u00c1reas do conhecimento : Hist\u00f3ria do Brasil Col\u00f4nia<br \/>\nSetores de atividade : Outros<br \/>\nRefer\u00eancias adicionais : Brasil\/Portugu\u00eas.<br \/>\nTrata-se da pesquisa sobre a Igreja no Brasil col\u00f4nia.<\/i><\/td>\n<\/tr>\n<tr>\n<td class=\"ano\" style=\"text-align: left; font-weight: bold;\" valign=\"top\" width=\"20px\">2.<\/td>\n<td class=\"texto\">\u00a0Nathalia Pereira da Silva.\u00a0<b>Pesquisa sobre Hist\u00f3ria eclesi\u00e1stica nos arquivos e bibliotecas de Pernambuco.<\/b>. 2005. Inicia\u00e7\u00e3o cient\u00edfica (Hist\u00f3ria) &#8211; Universidade Cat\u00f3lica de Pernambuco<br \/>\n<i>Palavras-chave: Arquivo, biblioteca, m\u00e9todo, interdisciplinaridade<br \/>\n\u00c1reas do conhecimento : Hist\u00f3ria do Brasil Col\u00f4nia<br \/>\nSetores de atividade : Outros<br \/>\nRefer\u00eancias adicionais : Brasil\/Portugu\u00eas.<br \/>\nPesquisa sobre Hist\u00f3ria eclesi\u00e1stica no per\u00edodo colonial presente nos arquivos e bibliotecas de Pernambuco.<\/i><\/td>\n<\/tr>\n<\/tbody>\n<\/table>\n","protected":false},"excerpt":{"rendered":"<p>TRABALHOS DE CONCLUS\u00c3O DE CURSOS DE GRADUA\u00c7\u00c3O 1. \u00a0Cl\u00e1udio Sim\u00f5es Galindo.\u00a0A devo\u00e7\u00e3o mariana no Brasil: uma hist\u00f3ria antiga e contempor\u00e2nea.. 2013. Curso (Teologia) &#8211; Universidade Cat\u00f3lica de Pernambuco Palavras-chave: Brasil Col\u00f4nia, Catequese Colonial, Catolicismo brasileiro-Religiosidade pernambucana-, Catolicismo Popular, Cristianismo &#8211; Cultura religiosa \u00c1reas do conhecimento : Cultura Crist\u00e3 no Brasil Colonial,Teologia da Historia,Hist\u00f3ria do Cristianismo [&hellip;]<\/p>\n","protected":false},"author":1,"featured_media":0,"parent":0,"menu_order":0,"comment_status":"closed","ping_status":"closed","template":"","meta":{"footnotes":""},"class_list":["post-110","page","type-page","status-publish","hentry"],"_hostinger_reach_plugin_has_subscription_block":false,"_hostinger_reach_plugin_is_elementor":false,"_links":{"self":[{"href":"https:\/\/marcosbrasilico.com.br\/index.php?rest_route=\/wp\/v2\/pages\/110","targetHints":{"allow":["GET"]}}],"collection":[{"href":"https:\/\/marcosbrasilico.com.br\/index.php?rest_route=\/wp\/v2\/pages"}],"about":[{"href":"https:\/\/marcosbrasilico.com.br\/index.php?rest_route=\/wp\/v2\/types\/page"}],"author":[{"embeddable":true,"href":"https:\/\/marcosbrasilico.com.br\/index.php?rest_route=\/wp\/v2\/users\/1"}],"replies":[{"embeddable":true,"href":"https:\/\/marcosbrasilico.com.br\/index.php?rest_route=%2Fwp%2Fv2%2Fcomments&post=110"}],"version-history":[{"count":8,"href":"https:\/\/marcosbrasilico.com.br\/index.php?rest_route=\/wp\/v2\/pages\/110\/revisions"}],"predecessor-version":[{"id":267,"href":"https:\/\/marcosbrasilico.com.br\/index.php?rest_route=\/wp\/v2\/pages\/110\/revisions\/267"}],"wp:attachment":[{"href":"https:\/\/marcosbrasilico.com.br\/index.php?rest_route=%2Fwp%2Fv2%2Fmedia&parent=110"}],"curies":[{"name":"wp","href":"https:\/\/api.w.org\/{rel}","templated":true}]}}