{"id":12,"date":"2018-02-16T17:48:37","date_gmt":"2018-02-16T19:48:37","guid":{"rendered":"http:\/\/marcosbrasilico.com.br\/?page_id=12"},"modified":"2018-02-21T23:00:22","modified_gmt":"2018-02-21T23:00:22","slug":"servicos","status":"publish","type":"page","link":"https:\/\/marcosbrasilico.com.br\/?page_id=12","title":{"rendered":"Servi\u00e7os"},"content":{"rendered":"<div id=\"servico\">\n<div id=\"servico1\">\n<p id=\"texto\"><strong>Orienta\u00e7\u00e3o para uma corre\u00e7\u00e3o de texto com qualidade e excel\u00eancia<\/strong><\/p>\n<p>an\u00e1lise do conjunto do texto.<br \/>\n&#8211; Objeto\/tema (hip\u00f3teses)<br \/>\n&#8211; Abordagens: ferramentas de an\u00e1lises (conceitos te\u00f3rico-metodol\u00f3gicos)<br \/>\n&#8211; Desenvolvimento: in\u00edcio\/meio\/perspectivas<br \/>\n&#8211; Considera\u00e7\u00f5es Finais<br \/>\n&#8211; Refer\u00eancias<br \/>\n<strong>* Encontro de 1h: 30 = R$ 150,00 (Cento e cinquenta reais)<\/strong><br \/>\n&nbsp;<\/p>\n<p id=\"texto\"><strong>Orienta\u00e7\u00e3o em Orat\u00f3ria<\/strong><\/p>\n<p>Falar em p\u00fablico com seguran\u00e7a \u00e9 essencial para o sucesso em qualquer profiss\u00e3o. Nossas aulas pr\u00e1ticas fazem com que o aluno ven\u00e7a o medo de falar em p\u00fablico e adquira a capacidade de se comunicar em palestras, ambientes de trabalho, apresenta\u00e7\u00f5es<br \/>\n<strong>Valor a combinar<\/strong><br \/>\n&nbsp;<\/p>\n<p id=\"texto\"><strong>Tradu\u00e7\u00e3o <\/strong><\/p>\n<p>Franc\u00eas\/Portugu\u00eas e Portugu\u00eas\/Franc\u00eas<br \/>\n<strong>Valor a combinar<\/strong>\n<\/div>\n<div id=\"servico2\">\n<p id=\"texto\"><strong>An\u00e1lise, Revis\u00e3o e Corre\u00e7\u00e3o de textos<\/strong><\/p>\n<p>&#8211; TCC (Trabalhos de Conclus\u00e3o de Curso \u2013 Monografia)<br \/>\n&#8211; Disserta\u00e7\u00e3o de Mestrado<br \/>\n&#8211; Tese de Doutorado<br \/>\n&#8211; Artigos para revistas<\/p>\n<p>1.1 Corre\u00e7\u00e3o gramatical<br \/>\n1.2 Corre\u00e7\u00e3o ortogr\u00e1fica<br \/>\n1.3 Exig\u00eancias da ABNT<br \/>\n<strong>* Valor por lauda: R$ 15,00 (Quinze reais)<\/strong><br \/>\n<strong>* Lauda = p\u00e1gina com 1.250 caracteres (incluso espa\u00e7os)<\/strong><br \/>\n&nbsp;<\/p>\n<p id=\"texto\"><strong>Pernambuco Franciscano<\/strong><\/p>\n<p>guia para conhecer as culturas franciscanas em Recife Olinda, Igarassu, Ipojuca e Sirinha\u00e9m. Analisamos possibilidades para uma visita \u00e0 Marechal Deodoro\/AL (Convento de Santa Maria Madalena) e\/ou Jo\u00e3o Pessoa\/PB (Convento S\u00e3o Francisco).<br \/>\n<strong>Valor a combinar<\/strong>\n<\/div>\n<\/div>\n<p>&nbsp;<\/p>\n<div id=\"servico\">\n<p id=\"texto\"><strong>Forma de Pagamento<\/strong><\/p>\n<p>&#8211; Dep\u00f3sito em canta banc\u00e1ria.<br \/>\n&#8211; Para saber a quantidade de palavras do editor de textos: verifique Ferramentas e Contar Palavras.<br \/>\n&#8211; Soma das palavras e espa\u00e7os divididos por 1.250 = quantidade de laudas.\n<\/p><\/div>\n<p>&nbsp;<br \/>\n&nbsp;<\/p>\n","protected":false},"excerpt":{"rendered":"<p>Orienta\u00e7\u00e3o para uma corre\u00e7\u00e3o de texto com qualidade e excel\u00eancia an\u00e1lise do conjunto do texto. &#8211; Objeto\/tema (hip\u00f3teses) &#8211; Abordagens: ferramentas de an\u00e1lises (conceitos te\u00f3rico-metodol\u00f3gicos) &#8211; Desenvolvimento: in\u00edcio\/meio\/perspectivas &#8211; Considera\u00e7\u00f5es Finais &#8211; Refer\u00eancias * Encontro de 1h: 30 = R$ 150,00 (Cento e cinquenta reais) &nbsp; Orienta\u00e7\u00e3o em Orat\u00f3ria Falar em p\u00fablico com seguran\u00e7a \u00e9 [&hellip;]<\/p>\n","protected":false},"author":1,"featured_media":0,"parent":0,"menu_order":0,"comment_status":"closed","ping_status":"closed","template":"","meta":{"footnotes":""},"class_list":["post-12","page","type-page","status-publish","hentry"],"_hostinger_reach_plugin_has_subscription_block":false,"_hostinger_reach_plugin_is_elementor":false,"_links":{"self":[{"href":"https:\/\/marcosbrasilico.com.br\/index.php?rest_route=\/wp\/v2\/pages\/12","targetHints":{"allow":["GET"]}}],"collection":[{"href":"https:\/\/marcosbrasilico.com.br\/index.php?rest_route=\/wp\/v2\/pages"}],"about":[{"href":"https:\/\/marcosbrasilico.com.br\/index.php?rest_route=\/wp\/v2\/types\/page"}],"author":[{"embeddable":true,"href":"https:\/\/marcosbrasilico.com.br\/index.php?rest_route=\/wp\/v2\/users\/1"}],"replies":[{"embeddable":true,"href":"https:\/\/marcosbrasilico.com.br\/index.php?rest_route=%2Fwp%2Fv2%2Fcomments&post=12"}],"version-history":[{"count":35,"href":"https:\/\/marcosbrasilico.com.br\/index.php?rest_route=\/wp\/v2\/pages\/12\/revisions"}],"predecessor-version":[{"id":416,"href":"https:\/\/marcosbrasilico.com.br\/index.php?rest_route=\/wp\/v2\/pages\/12\/revisions\/416"}],"wp:attachment":[{"href":"https:\/\/marcosbrasilico.com.br\/index.php?rest_route=%2Fwp%2Fv2%2Fmedia&parent=12"}],"curies":[{"name":"wp","href":"https:\/\/api.w.org\/{rel}","templated":true}]}}