{"id":120,"date":"2018-02-17T00:01:37","date_gmt":"2018-02-17T02:01:37","guid":{"rendered":"http:\/\/marcosbrasilico.com.br\/?page_id=120"},"modified":"2018-02-21T01:48:01","modified_gmt":"2018-02-21T01:48:01","slug":"eventos","status":"publish","type":"page","link":"https:\/\/marcosbrasilico.com.br\/?page_id=120","title":{"rendered":"Eventos"},"content":{"rendered":"<h5>PARTICIPA\u00c7\u00c3O EM EVENTOS<\/h5>\n<table class=\"IndicProdTabela\">\n<tbody>\n<tr>\n<td class=\"ano\" style=\"text-align: left; font-weight: bold;\" valign=\"top\" width=\"20px\">1.<\/td>\n<td class=\"ano2\">\u00a0<b>XII Col\u00f3quio Nacional e V Col\u00f3quio Internacional do Museu Pedag\u00f3gico da UESB.<\/b>, 2017. (Congresso)<br \/>\nReligi\u00e3o, Religiosidade e Educa\u00e7\u00e3o no Brasil.<\/td>\n<\/tr>\n<tr>\n<td class=\"ano\" style=\"text-align: left; font-weight: bold;\" valign=\"top\" width=\"20px\">2.<\/td>\n<td class=\"ano2\">\u00a0<b>XII Col\u00f3quio Nacional e V Col\u00f3quio Internacional do Museu Pedag\u00f3gico da USEB.<\/b>, 2017. (Congresso)<br \/>\nO acervo documental franciscano em Salvador e Recife (S\u00e9c. XVII-XX): documentos para uma compreens\u00e3o da forma\u00e7\u00e3o sociorreligiosa do Brasil..<\/td>\n<\/tr>\n<tr>\n<td class=\"ano\" style=\"text-align: left; font-weight: bold;\" valign=\"top\" width=\"20px\">3.<\/td>\n<td class=\"ano2\">\u00a0<b>XII Col\u00f3quio Nacional e V Col\u00f3quio Internacional do Museu Pedag\u00f3gico da USEB.<\/b>, 2017. (Congresso)<br \/>\nCol\u00f3quio Tem\u00e1tico: Hist\u00f3ria e Mem\u00f3ria de pedagogias, pol\u00edticas educacionais e educa\u00e7\u00e3o religiosa na sociedade moderna e contempor\u00e2nea..<\/td>\n<\/tr>\n<tr>\n<td class=\"ano\" style=\"text-align: left; font-weight: bold;\" valign=\"top\" width=\"20px\">4.<\/td>\n<td class=\"ano2\">\u00a0Conferencista no(a)\u00a0<b>Cap\u00edtulo das Esteiras &#8211; Congresso da Prov\u00edncia Franciscana de Santo Ant\u00f4nio do Brasil<\/b>, 2016. (Congresso)<br \/>\n&#8220;Um mundo franciscanizado&#8221;: retorno permanente ao esp\u00edrito da Ordem (s\u00e9c. XIII-XX)..<\/td>\n<\/tr>\n<tr>\n<td class=\"ano\" style=\"text-align: left; font-weight: bold;\" valign=\"top\" width=\"20px\">5.<\/td>\n<td class=\"ano2\">\u00a0Moderador no(a)\u00a0<b>Cap\u00edtulo das Esteiras &#8211; Reuni\u00e3o da Prov\u00edncia Franciscana de Santo Ant\u00f4nio do Brasil.<\/b>, 2016. (Congresso)<br \/>\nMem\u00f3ria e Profecia: frades e menores consagrados \u00e0 servi\u00e7o do Reino..<\/td>\n<\/tr>\n<tr>\n<td class=\"ano\" style=\"text-align: left; font-weight: bold;\" valign=\"top\" width=\"20px\">6.<\/td>\n<td class=\"ano2\">\u00a0<b>XI Encontro Estadual ANPUH &#8211; PE<\/b>, 2016. (Encontro)<br \/>\nA longa hist\u00f3ria do Arquivo da Prov\u00edncia Franciscana de Santo Ant\u00f4nio do Brasil: Olinda (1585), Salvador (1630) e Recife (1947)..<\/td>\n<\/tr>\n<tr>\n<td class=\"ano\" style=\"text-align: left; font-weight: bold;\" valign=\"top\" width=\"20px\">7.<\/td>\n<td class=\"ano2\">\u00a0Conferencista no(a)\u00a0<b>Historia Franciscana: origens e posteridade<\/b>, 2015. (Encontro)<br \/>\nCarisma e Institui\u00e7\u00e3o das Ordens franciscanas.<\/td>\n<\/tr>\n<tr>\n<td class=\"ano\" style=\"text-align: left; font-weight: bold;\" valign=\"top\" width=\"20px\">8.<\/td>\n<td class=\"ano2\">\u00a0Apresenta\u00e7\u00e3o Oral no(a)\u00a0<b>Historia Franciscana: origens e posteridade<\/b>, 2015. (Encontro)<br \/>\nModerador.<\/td>\n<\/tr>\n<tr>\n<td class=\"ano\" style=\"text-align: left; font-weight: bold;\" valign=\"top\" width=\"20px\">9.<\/td>\n<td class=\"ano2\">\u00a0<b>5\u00b0 Encontro Internacional de Historia Colonial<\/b>, 2014. (Encontro)<br \/>\nJo\u00e3o Duns Escoto (1265\/66-1308): influ\u00eancia de um pensador medieval nas letras e letrados franciscanos na Ib\u00e9ro-am\u00e9rica (S\u00e9c. XVI-XIX).<\/td>\n<\/tr>\n<tr>\n<td class=\"ano\" style=\"text-align: left; font-weight: bold;\" valign=\"top\" width=\"20px\">10.<\/td>\n<td class=\"ano2\">\u00a0Apresenta\u00e7\u00e3o Oral no(a)\u00a0<b>5\u00b0 Encontro Internacional de Historia Colonial<\/b>, 2014. (Simp\u00f3sio)<br \/>\nJo\u00e3o Duns Escoto (1265\/66-1308): influ\u00eancia de um pensador medieval nas letras e letrados franciscanos na Ib\u00e9ro-am\u00e9rica (S\u00e9c. XVI-XIX).<\/td>\n<\/tr>\n<tr>\n<td class=\"ano\" style=\"text-align: left; font-weight: bold;\" valign=\"top\" width=\"20px\">11.<\/td>\n<td class=\"ano2\">\u00a0Conferencista no(a)\u00a0<b>Encontro de Historia Luso-Afro-Brasilica<\/b>, 2014. (Encontro)<br \/>\nBibliotecas franciscanas no Brasil: arquitetura, pintura e letras noBrasil colonial (S\u00e9c. XVI-XVIII).<\/td>\n<\/tr>\n<tr>\n<td class=\"ano\" style=\"text-align: left; font-weight: bold;\" valign=\"top\" width=\"20px\">12.<\/td>\n<td class=\"ano2\">\u00a0Conferencista no(a)\u00a0<b>I Col\u00f3quio PIBID Hist\u00f3ria<\/b>, 2013. (Encontro)<br \/>\nA Ordem franciscana entre a Idade Medieval e a Idade Moderna (S\u00c9C. XVI-XVIII). De um olhar particular (Brasil) para uma perspectiva universal (As quatro partes do mundo)..<\/td>\n<\/tr>\n<tr>\n<td class=\"ano\" style=\"text-align: left; font-weight: bold;\" valign=\"top\" width=\"20px\">13.<\/td>\n<td class=\"ano2\">\u00a0Moderador no(a)\u00a0<b>II Simp\u00f3sio Internacional de Estudos Inquisitoriais: religi\u00e3o e poder.<\/b>, 2013. (Simp\u00f3sio)<br \/>\nReligi\u00e3o, religiosidade e poder na Am\u00e9rica portuguesa: das institui\u00e7\u00f5es, dos indiv\u00edduos e das pr\u00e1ticas (s\u00e9c. XVI-XIX).<\/td>\n<\/tr>\n<tr>\n<td class=\"ano\" style=\"text-align: left; font-weight: bold;\" valign=\"top\" width=\"20px\">14.<\/td>\n<td class=\"ano2\">\u00a0Conferencista no(a)\u00a0<b>V Encontro Nacional de Hist\u00f3ria da UFAL<\/b>, 2013. (Encontro)<br \/>\nA Ordem franciscana entre a Idade Medieval e a Idade Moderna (S\u00c9C. XVI-XVIII). De um olhar particular (Brasil) para uma perspectiva universal (As quatro partes do mundo).<\/td>\n<\/tr>\n<tr>\n<td class=\"ano\" style=\"text-align: left; font-weight: bold;\" valign=\"top\" width=\"20px\">15.<\/td>\n<td class=\"ano2\">\u00a0Apresenta\u00e7\u00e3o Oral no(a)\u00a0<b>VI Col\u00f3quio de Hist\u00f3ria da Unicap \u2013 2012<\/b>, 2012. (Simp\u00f3sio)<br \/>\nA sociedade pernambucana colonial: esbo\u00e7o de um estudo sobre a elite cultural (s\u00e9culos XVIII-XIX).<\/td>\n<\/tr>\n<tr>\n<td class=\"ano\" style=\"text-align: left; font-weight: bold;\" valign=\"top\" width=\"20px\">16.<\/td>\n<td class=\"ano2\">\u00a0<b>VI Simp\u00f3sio Escravid\u00e3o: religi\u00f5es e religiosidades.<\/b>, 2012. (Simp\u00f3sio)<br \/>\nEscravid\u00e3o e escravos nos conventos franciscanos do Nordeste do Brasil: espa\u00e7os de contradi\u00e7\u00f5es e transforma\u00e7\u00f5es \u00e9tinicas (1660-1878)..<\/td>\n<\/tr>\n<tr>\n<td class=\"ano\" style=\"text-align: left; font-weight: bold;\" valign=\"top\" width=\"20px\">17.<\/td>\n<td class=\"ano2\">\u00a0Apresenta\u00e7\u00e3o (Outras Formas) no(a)<b>III Encontro Internacional de Hist\u00f3ria Colonial<\/b>, 2010. (Encontro)<br \/>\nA Igreja na forma\u00e7\u00e3o do Brasil colonial (1500-1779).<\/td>\n<\/tr>\n<tr>\n<td class=\"ano\" style=\"text-align: left; font-weight: bold;\" valign=\"top\" width=\"20px\">18.<\/td>\n<td class=\"ano2\">\u00a0Apresenta\u00e7\u00e3o Oral no(a)\u00a0<b>II Encontro Internacional de Hist\u00f3ria Colonia. A experi\u00eancia colonial no Novo Mundo (s\u00e9culos XVI a XVIII)<\/b>, 2008. (Encontro)<br \/>\nBibliotecas franciscanas no Brasil: o poder das letras e das iconografias no s\u00e9culo XVIII..<\/td>\n<\/tr>\n<tr>\n<td class=\"ano\" style=\"text-align: left; font-weight: bold;\" valign=\"top\" width=\"20px\">19.<\/td>\n<td class=\"ano2\">\u00a0Apresenta\u00e7\u00e3o Oral no(a)\u00a0<b>SBPH &#8211; XXVII Reuni\u00e3o da Sociedade Brasileira de Pesquisa Hist\u00f3rica<\/b>, 2008. (Congresso)<br \/>\nBibliotecas, livros e leituras franciscanas no nordeste do Brasil (1596-1852).<\/td>\n<\/tr>\n<tr>\n<td class=\"ano\" style=\"text-align: left; font-weight: bold;\" valign=\"top\" width=\"20px\">20.<\/td>\n<td class=\"ano2\">\u00a0Simposiasta no(a)\u00a0<b>3\u00aa Semana de Estudos da Religi\u00e3o<\/b>, 2007. (Semin\u00e1rio)<br \/>\nReligi\u00e3o e Televis\u00e3o.<\/td>\n<\/tr>\n<tr>\n<td class=\"ano\" style=\"text-align: left; font-weight: bold;\" valign=\"top\" width=\"20px\">21.<\/td>\n<td class=\"ano2\">\u00a0Conferencista no(a)\u00a0<b>3\u00aa Semana de Estudos da Religi\u00e3o<\/b>, 2007. (Semin\u00e1rio)<br \/>\nA Paix\u00e3o de Cristo segundo Mel Gibson.<\/td>\n<\/tr>\n<tr>\n<td class=\"ano\" style=\"text-align: left; font-weight: bold;\" valign=\"top\" width=\"20px\">22.<\/td>\n<td class=\"ano2\">\u00a0Conferencista no(a)\u00a0<b>Brasil e Portugal: nossa hist\u00f3ria ontem e hoje.<\/b>, 2007. (Congresso)<br \/>\nMissiona\u00e7\u00e3o e Ordens religiosas no Imp\u00e9rio Portugu\u00eas..<\/td>\n<\/tr>\n<tr>\n<td class=\"ano\" style=\"text-align: left; font-weight: bold;\" valign=\"top\" width=\"20px\">23.<\/td>\n<td class=\"ano2\">\u00a0Conferencista no(a)\u00a0<b>Col\u00f3quio Internacional Constitui\u00e7\u00f5es Primeiras do Arcebispado da Bahia: 300 anos.<\/b>, 2007. (Congresso)<br \/>\nO S\u00ednodo da Bahia 1707: a Igreja colonial e o aparecimento da Nova Igreja Bras\u00edlica (1724)..<\/td>\n<\/tr>\n<tr>\n<td class=\"ano\" style=\"text-align: left; font-weight: bold;\" valign=\"top\" width=\"20px\">24.<\/td>\n<td class=\"ano2\">\u00a0Simposiasta no(a)\u00a0<b>I Simp\u00f3sio Interncional em Ci\u00eancias das Religi\u00f5es<\/b>, 2007. (Simp\u00f3sio)<br \/>\nI Simp\u00f3sio Internacional em Ci\u00eancias das Religi\u00f4es.<\/td>\n<\/tr>\n<tr>\n<td class=\"ano\" style=\"text-align: left; font-weight: bold;\" valign=\"top\" width=\"20px\">25.<\/td>\n<td class=\"ano2\">\u00a0Conferencista no(a)\u00a0<b>IX Simp\u00f3sio Anual da ABHR:<\/b>, 2007. (Simp\u00f3sio)<br \/>\nA Irmandade de S\u00e3o Gon\u00e7alo Garcia em Pernambuco: a apoteose dos Homens Pardos em Recife (1745)..<\/td>\n<\/tr>\n<tr>\n<td class=\"ano\" style=\"text-align: left; font-weight: bold;\" valign=\"top\" width=\"20px\">26.<\/td>\n<td class=\"ano2\">\u00a0Simposiasta no(a)\u00a0<b>IX Simp\u00f3sio Anual da ABHR:<\/b>, 2007. (Simp\u00f3sio)<br \/>\nO mundo franciscanizado: uma espiritualidade no Brasil do s\u00e9culo XVIII..<\/td>\n<\/tr>\n<tr>\n<td class=\"ano\" style=\"text-align: left; font-weight: bold;\" valign=\"top\" width=\"20px\">27.<\/td>\n<td class=\"ano2\">\u00a0Moderador no(a)\u00a0<b>IX Simp\u00f3sio Anual da ABHR:<\/b>, 2007. (Simp\u00f3sio)<br \/>\nCatolicismo &amp; Mesti\u00e7agem: a Igreja, formas de viver e as experi\u00eancias do sagrado no Brasil (s\u00e9c. XVI-XVIII).<\/td>\n<\/tr>\n<tr>\n<td class=\"ano\" style=\"text-align: left; font-weight: bold;\" valign=\"top\" width=\"20px\">28.<\/td>\n<td class=\"ano2\">\u00a0Simposiasta no(a)\u00a0<b>IX Simp\u00f3sio Anual da ABHR:<\/b>, 2007. (Simp\u00f3sio)<br \/>\nIgreja, Espiritualidades e diversidade religiosa: Pr\u00e1ticas religiosas no Brasil colonial..<\/td>\n<\/tr>\n<tr>\n<td class=\"ano\" style=\"text-align: left; font-weight: bold;\" valign=\"top\" width=\"20px\">29.<\/td>\n<td class=\"ano2\">\u00a0Conferencista no(a)\u00a0<b>Mesa Redonda: Intoler\u00e2ncia Religiosa e Ecumenismo<\/b>, 2007. (Encontro)<br \/>\nIntoler\u00e2ncia Religiosa e Ecumenismo.<\/td>\n<\/tr>\n<tr>\n<td class=\"ano\" style=\"text-align: left; font-weight: bold;\" valign=\"top\" width=\"20px\">30.<\/td>\n<td class=\"ano2\">\u00a0Conferencista no(a)\u00a0<b>V Semana Acad\u00eamica de Hist\u00f3ria UFRPE<\/b>, 2007. (Outra)<br \/>\nSer\u00e1fico e mesti\u00e7o: o Brasil no s\u00e9culo XVIII.<\/td>\n<\/tr>\n<tr>\n<td class=\"ano\" style=\"text-align: left; font-weight: bold;\" valign=\"top\" width=\"20px\">31.<\/td>\n<td class=\"ano2\">\u00a0Simposiasta no(a)\u00a0<b>I Encontro Nordestino de Hist\u00f3ria Colonial. Territorialidades, Poder e Identidades na Am\u00e9rica Portuguesa &#8211; S\u00e9culos XVI a XVIII.<\/b>, 2006. (Encontro)<br \/>\nHist\u00f3ria das Religi\u00f5es na Col\u00f4nia: Entre Epifanias e Intoler\u00e2ncias..<\/td>\n<\/tr>\n<tr>\n<td class=\"ano\" style=\"text-align: left; font-weight: bold;\" valign=\"top\" width=\"20px\">32.<\/td>\n<td class=\"ano2\">\u00a0Apresenta\u00e7\u00e3o Oral no(a)\u00a0<b>I Encontro Nordestino de Hist\u00f3ria Colonial. Territorialidades, Poder e Identidades na Am\u00e9rica Portuguesa. S\u00e9culos XVI a XVIII.<\/b>, 2006. (Encontro)<br \/>\nA &#8220;Franciscaniza\u00e7\u00e3o do Mundo&#8221;: os franciscanos no Brasil e a id\u00e9ia de uma espiritualidade universal..<br \/>\n<i>Palavras-chave: Cultura Religiosa &#8211; Cultura Religiosa Franciscana<br \/>\n\u00c1reas do conhecimento : Estudo da Forma\u00e7\u00e3o Socio Religiosa do Brasil,Hist\u00f3ria do Cristianismo Cat\u00f3lico Contempor\u00e2neo,Hist\u00f3ria do Cristianismo<br \/>\nSetores de atividade : Educa\u00e7\u00e3o Superior<\/i><\/td>\n<\/tr>\n<tr>\n<td class=\"ano\" style=\"text-align: left; font-weight: bold;\" valign=\"top\" width=\"20px\">33.<\/td>\n<td class=\"ano2\">\u00a0Apresenta\u00e7\u00e3o Oral no(a)\u00a0<b>II Congresso Internacional: Escravatura, Orfandade e Pobreza Femininas no Imp\u00e9rio Colonial Portugu\u00eas (s\u00e9culos XVI a XX).<\/b>, 2006. (Congresso)<br \/>\nMendigas, Santas e Loucas, das ruas \u00e0s clausuras: para uma compreens\u00e3o sobre a condi\u00e7\u00e3o feminina no Brasil (s\u00e9culo XIX)..<\/td>\n<\/tr>\n<tr>\n<td class=\"ano\" style=\"text-align: left; font-weight: bold;\" valign=\"top\" width=\"20px\">34.<\/td>\n<td class=\"ano2\">\u00a0Conferencista no(a)\u00a0<b>Missiona\u00e7\u00e3o no Imp\u00e9rio Portugu\u00eas &#8211; I Col\u00f3quio Internacional. Teorias Historiogr\u00e1ficas e Novas Metodologias de Investiga\u00e7\u00e3o.<\/b>, 2006. (Congresso)<br \/>\nReinventado a M\u00edstica Franciscana no Brasil do s\u00e9culo XVIII: das Quatro Partes do Mundo ao Novo Bras\u00edlico..<\/td>\n<\/tr>\n<tr>\n<td class=\"ano\" style=\"text-align: left; font-weight: bold;\" valign=\"top\" width=\"20px\">35.<\/td>\n<td class=\"ano2\">\u00a0<b>Revela\u00e7\u00e3o e subjetividade no pensamento judeu moderno.<\/b>, 2006. (Outra)<br \/>\n.<br \/>\n<i>Palavras-chave: Cultura Religiosa &#8211; Judaismo &#8211; Tradi\u00e7\u00e3o Religiosa<br \/>\n\u00c1reas do conhecimento : Estudo da Forma\u00e7\u00e3o Socio Religiosa do Brasil,Hist\u00f3ria do Cristianismo Cat\u00f3lico Contempor\u00e2neo,Hist\u00f3ria do Cristianismo<br \/>\nSetores de atividade : Outros<\/i><\/td>\n<\/tr>\n<tr>\n<td class=\"ano\" style=\"text-align: left; font-weight: bold;\" valign=\"top\" width=\"20px\">36.<\/td>\n<td class=\"ano2\">\u00a0Conferencista no(a)\u00a0<b>Simposio de Resgate da Historia de Canind\u00e9.<\/b>, 2006. (Simp\u00f3sio)<br \/>\nSimposio de Resgate da Historia de Canind\u00e9..<br \/>\n<i>Palavras-chave: Historia da Cultura &#8211; Cultura Religiosa Brasileira<br \/>\n\u00c1reas do conhecimento : Estudo da Forma\u00e7\u00e3o Socio Religiosa do Brasil,Hist\u00f3ria do Cristianismo Cat\u00f3lico Contempor\u00e2neo,Hist\u00f3ria do Cristianismo<br \/>\nSetores de atividade : Outros<\/i><\/td>\n<\/tr>\n<\/tbody>\n<\/table>\n<p>&nbsp;<\/p>\n<h5>ORGANIZA\u00c7\u00c3O DE EVENTOS<\/h5>\n<table class=\"IndicProdTabela\">\n<tbody>\n<tr>\n<td class=\"ano\" style=\"text-align: left; font-weight: bold;\" valign=\"top\" width=\"20px\">1.<\/td>\n<td class=\"ano2\">\u00a0<b>ALMEIDA, M. A.<\/b><br \/>\n<b>XII Col\u00f3quio nacional e V Internacional do Museu Pedag\u00f3gico<\/b>, 2017. (Congresso, Organiza\u00e7\u00e3o de evento)<br \/>\n<i>Palavras-chave: Arquivo Franciscano, Biblioteca Colonial, Franciscanos, Acervo Franciscano<br \/>\n\u00c1reas do conhecimento : Hist\u00f3ria,Hist\u00f3ria do pensamento franciscano,Os franciscanos nas Quatro Partes do Mundo<br \/>\nSetores de atividade : Educa\u00e7\u00e3o, Pesquisa e desenvolvimento cient\u00edfico, Outras atividades de servi\u00e7os pessoais<br \/>\nRefer\u00eancias adicionais : Brasil\/Portugu\u00eas. Meio de divulga\u00e7\u00e3o: Meio digital<br \/>\nCol\u00f3quios nacional e internacional da linha de pesquisa do Museu Pedag\u00f3gico da UESB (Universidade do Estado do Sudoeste da Bahia).<\/i><\/td>\n<\/tr>\n<tr>\n<td class=\"ano\" style=\"text-align: left; font-weight: bold;\" valign=\"top\" width=\"20px\">2.<\/td>\n<td class=\"ano2\">\u00a0<b>ALMEIDA, M. A.<\/b><br \/>\n<b>Os Agentes das &#8220;Din\u00e2micas de Mesti\u00e7agens na Ib\u00e9ro-am\u00e9rica (S\u00e9c. XVI-XIX)<\/b>, 2014. (Congresso, Organiza\u00e7\u00e3o de evento)<br \/>\n<i>Setores de atividade : Educa\u00e7\u00e3o<br \/>\nRefer\u00eancias adicionais : Brasil\/Portugu\u00eas. Meio de divulga\u00e7\u00e3o: V\u00e1rios<\/i><\/td>\n<\/tr>\n<tr>\n<td class=\"ano\" style=\"text-align: left; font-weight: bold;\" valign=\"top\" width=\"20px\">3.<\/td>\n<td class=\"ano2\">\u00a0<b>ALMEIDA, M. A.<\/b>; Suely de Almeida<br \/>\n<b>II Simp\u00f3sio Internacional de Estudos Inquisitoriais: religi\u00e3o e poder<\/b>, 2013. (Congresso, Organiza\u00e7\u00e3o de evento)<br \/>\n<i>Palavras-chave: Brasil colonial, Franciscanismo, Franciscanos<br \/>\n\u00c1reas do conhecimento : Hist\u00f3ria do Brasil,Hist\u00f3ria da Am\u00e9rica<br \/>\nSetores de atividade : Educa\u00e7\u00e3o<br \/>\nRefer\u00eancias adicionais : Brasil\/Portugu\u00eas. Meio de divulga\u00e7\u00e3o: V\u00e1rios<br \/>\nO ST 7 consistiu em reunir estudos e pesquisas acerca de pr\u00e1ticas religiosas e institui\u00e7\u00f5es que foram perseguidos pelo Santo Of\u00edcio.<\/i><\/td>\n<\/tr>\n<tr>\n<td class=\"ano\" style=\"text-align: left; font-weight: bold;\" valign=\"top\" width=\"20px\">4.<\/td>\n<td class=\"ano2\">\u00a0<b>ALMEIDA, M. A.<\/b><br \/>\n<b>Brasil e Portugal: nossa hist\u00f3ria ontem e hoje.<\/b>, 2007. (Congresso, Organiza\u00e7\u00e3o de evento)<br \/>\n<i>Palavras-chave: Catequese Colonial, Catolicismo, Cultura Religiosa, Evangeliza\u00e7\u00e3o<br \/>\n\u00c1reas do conhecimento : Hist\u00f3ria do Brasil Col\u00f4nia<br \/>\nSetores de atividade : Educa\u00e7\u00e3o Superior<br \/>\nRefer\u00eancias adicionais : Brasil\/Portugu\u00eas. Meio de divulga\u00e7\u00e3o: V\u00e1rios<br \/>\nO Col\u00f3quio reuniu pesquisadores do Brasil e da Europa para partilhar trabalhos acerca da conquista, evangeliza\u00e7\u00e3o e implanta\u00e7\u00e3o da Igreja e do Imp\u00e9rio Portugu\u00eas.<\/i><\/td>\n<\/tr>\n<tr>\n<td class=\"ano\" style=\"text-align: left; font-weight: bold;\" valign=\"top\" width=\"20px\">5.<\/td>\n<td class=\"ano2\">\u00a0<b>ALMEIDA, M. A.<\/b><br \/>\n<b>Brasil e Portugal: nossa hist\u00f3ria ontem e hoje.<\/b>, 2007. (Congresso, Organiza\u00e7\u00e3o de evento)<br \/>\n<i>Palavras-chave: Catequese Colonial, Catolicismo, Cristianismo &#8211; Cultura religiosa, Cultura Religiosa<br \/>\n\u00c1reas do conhecimento : Estudo da Forma\u00e7\u00e3o Socio Religiosa do Brasil<br \/>\nSetores de atividade : Educa\u00e7\u00e3o Superior<br \/>\nRefer\u00eancias adicionais : Brasil\/Portugu\u00eas. Meio de divulga\u00e7\u00e3o: V\u00e1rios<br \/>\nIMembro do Comit\u00e9 Cient\u00edfico do I Col\u00f3quio Internacional de Hist\u00f3ria da UFRPE: Brasil e Portugal: nossa Hist\u00f3ria ontem e hoje.<\/i><\/td>\n<\/tr>\n<tr>\n<td class=\"ano\" style=\"text-align: left; font-weight: bold;\" valign=\"top\" width=\"20px\">6.<\/td>\n<td class=\"ano2\">\u00a0<b>ALMEIDA, M. A.<\/b><br \/>\n<b>Os Franciscanos no Brasil (1657-2007)<\/b>, 2007. (Outro, Organiza\u00e7\u00e3o de evento)<br \/>\n<i>Palavras-chave: Cultura Religiosa &#8211; Cultura Religiosa Franciscana, Cultura Religiosa &#8211; Igreja &#8211; Evangeliza\u00e7\u00e3o &#8211; Mesti<br \/>\n\u00c1reas do conhecimento : Hist\u00f3ria da Igreja Cat\u00f3lica no Brasil<br \/>\nSetores de atividade : Outros<br \/>\nRefer\u00eancias adicionais : Brasil\/Portugu\u00eas.<br \/>\nCiclo comemorativo da institucionaliza\u00e7\u00e3o dos franciscanos no Brasil com a cria\u00e7\u00e3o da Prov\u00edncia de Santo Ant\u00f4nio do Brasil, em 24 de agosto de 1657.<\/i><\/td>\n<\/tr>\n<tr>\n<td class=\"ano\" style=\"text-align: left; font-weight: bold;\" valign=\"top\" width=\"20px\">7.<\/td>\n<td class=\"ano2\">\u00a0<b>ALMEIDA, M. A.<\/b><br \/>\n<b>Ecumenismo: Uma trajet\u00f3ria hist\u00f3rica para o terceiro mil\u00eanio<\/b>, 1999. (Congresso, Organiza\u00e7\u00e3o de evento)<br \/>\n<i>Palavras-chave: Ecumenismo &#8211; Cristianismo &#8211; Cultura<br \/>\n\u00c1reas do conhecimento : Estudo da Forma\u00e7\u00e3o Socio Religiosa do Brasil<br \/>\nSetores de atividade : Educa\u00e7\u00e3o<br \/>\nRefer\u00eancias adicionais : Brasil\/Portugu\u00eas. Meio de divulga\u00e7\u00e3o: V\u00e1rios<br \/>\nSemin\u00e1rio promovido pelo IFTO em parceria com a UNICAP.<\/i><\/td>\n<\/tr>\n<tr>\n<td class=\"ano\" style=\"text-align: left; font-weight: bold;\" valign=\"top\" width=\"20px\">8.<\/td>\n<td class=\"ano2\">\u00a0<b>ALMEIDA, M. A.<\/b><br \/>\n<b>Educa\u00e7\u00e3o e Fraternidade na hsit\u00f3ria do Cristianismo<\/b>, 1998. (Outro, Organiza\u00e7\u00e3o de evento)<br \/>\n<i>Palavras-chave: Igreja &#8211; Miss\u00e3o &#8211; Evangeliza\u00e7\u00e3o &#8211; Cultura Religios<br \/>\n\u00c1reas do conhecimento : Estudo da Forma\u00e7\u00e3o Socio Religiosa do Brasil,Hist\u00f3ria do Cristianismo Cat\u00f3lico Contempor\u00e2neo,Hist\u00f3ria dos Franciscanos As no Brasil<br \/>\nSetores de atividade : Educa\u00e7\u00e3o<br \/>\nRefer\u00eancias adicionais : Brasil\/Portugu\u00eas. Meio de divulga\u00e7\u00e3o: V\u00e1rios<\/i><\/td>\n<\/tr>\n<\/tbody>\n<\/table>\n","protected":false},"excerpt":{"rendered":"<p>PARTICIPA\u00c7\u00c3O EM EVENTOS 1. \u00a0XII Col\u00f3quio Nacional e V Col\u00f3quio Internacional do Museu Pedag\u00f3gico da UESB., 2017. (Congresso) Religi\u00e3o, Religiosidade e Educa\u00e7\u00e3o no Brasil. 2. \u00a0XII Col\u00f3quio Nacional e V Col\u00f3quio Internacional do Museu Pedag\u00f3gico da USEB., 2017. (Congresso) O acervo documental franciscano em Salvador e Recife (S\u00e9c. XVII-XX): documentos para uma compreens\u00e3o da forma\u00e7\u00e3o [&hellip;]<\/p>\n","protected":false},"author":1,"featured_media":0,"parent":0,"menu_order":0,"comment_status":"closed","ping_status":"closed","template":"","meta":{"footnotes":""},"class_list":["post-120","page","type-page","status-publish","hentry"],"_hostinger_reach_plugin_has_subscription_block":false,"_hostinger_reach_plugin_is_elementor":false,"_links":{"self":[{"href":"https:\/\/marcosbrasilico.com.br\/index.php?rest_route=\/wp\/v2\/pages\/120","targetHints":{"allow":["GET"]}}],"collection":[{"href":"https:\/\/marcosbrasilico.com.br\/index.php?rest_route=\/wp\/v2\/pages"}],"about":[{"href":"https:\/\/marcosbrasilico.com.br\/index.php?rest_route=\/wp\/v2\/types\/page"}],"author":[{"embeddable":true,"href":"https:\/\/marcosbrasilico.com.br\/index.php?rest_route=\/wp\/v2\/users\/1"}],"replies":[{"embeddable":true,"href":"https:\/\/marcosbrasilico.com.br\/index.php?rest_route=%2Fwp%2Fv2%2Fcomments&post=120"}],"version-history":[{"count":6,"href":"https:\/\/marcosbrasilico.com.br\/index.php?rest_route=\/wp\/v2\/pages\/120\/revisions"}],"predecessor-version":[{"id":265,"href":"https:\/\/marcosbrasilico.com.br\/index.php?rest_route=\/wp\/v2\/pages\/120\/revisions\/265"}],"wp:attachment":[{"href":"https:\/\/marcosbrasilico.com.br\/index.php?rest_route=%2Fwp%2Fv2%2Fmedia&parent=120"}],"curies":[{"name":"wp","href":"https:\/\/api.w.org\/{rel}","templated":true}]}}