{"id":134,"date":"2018-02-17T00:36:05","date_gmt":"2018-02-17T02:36:05","guid":{"rendered":"http:\/\/marcosbrasilico.com.br\/?page_id=134"},"modified":"2018-02-21T01:48:08","modified_gmt":"2018-02-21T01:48:08","slug":"formacao-academica","status":"publish","type":"page","link":"https:\/\/marcosbrasilico.com.br\/?page_id=134","title":{"rendered":"Forma\u00e7\u00e3o Acad\u00eamica"},"content":{"rendered":"<div id=\"currucullum\"><strong>FORMA\u00c7\u00c3O ACAD\u00caMICA\/TITULA\u00c7\u00c3O<\/strong><\/p>\n<table class=\"IndicProdTabela\">\n<tbody>\n<tr>\n<td class=\"ano\" style=\"text-align: left; font-weight: bold;\" valign=\"top\" width=\"110px\">2001 &#8211; 2012<\/td>\n<td class=\"texto\">Doutorado em Histoire Et Civilisations.<br \/>\nEcole des Hautes \u00c9tudes en Sciences Sociales, EHESS, Paris, Fran\u00e7a<br \/>\nT\u00edtulo: Orbe Ser\u00e1fico, Novo Bras\u00edlico: Jaboat\u00e3o et les franciscains \u00e0 Pernambouc au XVIII si\u00e8cle., Ano de obten\u00e7\u00e3o: 2012<br \/>\nOrientador: Serge GRUZINSKI<br \/>\nBolsista do(a): Coordena\u00e7\u00e3o de Aperfei\u00e7oamento de Pessoal de N\u00edvel Superior<br \/>\n<i>Palavras-chave: Brasil colonial, Espiritualidade Franciscana, Franciscanos, Historia Moderna, Mesti\u00e7agem<br \/>\n\u00c1reas do conhecimento : Historia dos Franciscanos no Brasil Colonial,Hist\u00f3ria do pensamento franciscano,Estudo da Forma\u00e7\u00e3o Sociorreligiosa do Brasil<br \/>\nSetores de atividade : Educa\u00e7\u00e3o<br \/>\n<\/i><\/td>\n<\/tr>\n<tr>\n<td class=\"ano\" style=\"text-align: left; font-weight: bold;\" valign=\"top\" width=\"110px\">2000 &#8211; 2001<\/td>\n<td class=\"texto\">Mestrado em Histoire et Civilization.<br \/>\nEcole des Hautes \u00c9tudes en Sciences Sociales, EHESS, Paris, Fran\u00e7a<br \/>\nT\u00edtulo: Etude sur le Novo Orbe srafico brasilico de Fr\u00e8re Jaboat\u00e3o, Ano de obten\u00e7\u00e3o: 2001<br \/>\nOrientador: Serge GRUZINSKI<br \/>\n<i>Palavras-chave: Brasil Col\u00f4nia, Arquivo Franciscano colonial, Cultura Religiosa, Franciscanos, Identidade Religiosa<br \/>\n\u00c1reas do conhecimento : Historia dos Franciscanos no Brasil,Historia dos Franciscanos no Brasil Colonial,Hist\u00f3ria do pensamento franciscano<br \/>\nSetores de atividade : Educa\u00e7\u00e3o<br \/>\n<\/i><\/td>\n<\/tr>\n<tr>\n<td class=\"ano\" style=\"text-align: left; font-weight: bold;\" valign=\"top\" width=\"110px\">1992 &#8211; 1994<\/td>\n<td class=\"texto\">Mestrado em Teologia Sistem\u00e1tica Com Concentra\u00e7\u00e3o Em Hist\u00f3ria.<br \/>\nPontif\u00edcia Faculdade de Teologia Nossa Senhora da Assun\u00e7\u00e3o, PFTNSA, Brasil<br \/>\nT\u00edtulo: Mudan\u00e7a de h\u00e1bito: o papel do convento de S\u00e3o Francisco de Salvador (1779-1825), Ano de obten\u00e7\u00e3o: 1994<br \/>\nOrientador: Ferando Torres Londo\u00f1o<br \/>\n<i>Palavras-chave: Igreja &#8211; Miss\u00e3o &#8211; Evangeliza\u00e7\u00e3o &#8211; Cultura Religios<br \/>\n\u00c1reas do conhecimento : Hist\u00f3ria do Cristianismo e Institui\u00e7\u00f5es Crist\u00e3s no Brasil Colonial<br \/>\nSetores de atividade : Produtos e Servi\u00e7os Recreativos, Culturais, Art\u00edsticos e Desportivos<br \/>\n<\/i><\/td>\n<\/tr>\n<tr>\n<td class=\"ano\" style=\"text-align: left; font-weight: bold;\" valign=\"top\" width=\"110px\">2013 &#8211; 2014<\/td>\n<td class=\"texto\">Gradua\u00e7\u00e3o em\u00a0<span class=\"tooltip\">Teologia<\/span>.<br \/>\nFaculdade Cat\u00f3lica de Fortaleza, FCF, Fortaleza, Brasil<br \/>\nT\u00edtulo: O Irm\u00e3o-Leigo na Prov\u00edncia de Santo Ant\u00f4nio do Brasil (1947-1980)<br \/>\nOrientador: Hugo Batista Fragoso<\/td>\n<\/tr>\n<tr>\n<td class=\"ano\" style=\"text-align: left; font-weight: bold;\" valign=\"top\" width=\"110px\">1981 &#8211; 1987<\/td>\n<td class=\"texto\">Gradua\u00e7\u00e3o em Teologia.<br \/>\nUniversidade Cat\u00f3lica do Salvador, UCSAL, Salvador, Brasil<br \/>\nT\u00edtulo: A situa\u00e7\u00e3o do Irm\u00e3o Leigo na Provincia de Santo Anto do Brasil (1957-1988)<br \/>\nOrientador: Hugo Batista Fragoso<\/td>\n<\/tr>\n<\/tbody>\n<\/table>\n<p>&nbsp;<\/p>\n<div class=\"container\"><\/div>\n<div class=\"conteudo-cv\">\n<p><strong>P\u00d3S-DOUTORADO<\/strong><\/p>\n<table class=\"IndicProdTabela\">\n<tbody>\n<tr>\n<td class=\"ano\" style=\"text-align: left; font-weight: bold;\" valign=\"top\" width=\"110px\">2014<\/td>\n<td class=\"texto\">P\u00f3s-Doutorado .<br \/>\nUniversidade Federal da Bahia, UFBA, Salvador, Brasil<br \/>\nBolsista do(a): Conselho Nacional de Desenvolvimento Cient\u00edfico e Tecnol\u00f3gico<br \/>\n<i>\u00c1reas do conhecimento : Hist\u00f3ria do Brasil Col\u00f4nia,Hist\u00f3ria do pensamento franciscano,Os franciscanos nas Quatro Partes do Mundo<br \/>\n<\/i><\/td>\n<\/tr>\n<\/tbody>\n<\/table>\n<p>&nbsp;<\/p>\n<div class=\"container\"><\/div>\n<div class=\"conteudo-cv\">\n<p><strong>FORMA\u00c7\u00c3O COMPLEMENTAR<\/strong><\/p>\n<table class=\"IndicProdTabela\">\n<tbody>\n<tr>\n<td class=\"ano\" style=\"text-align: left; font-weight: bold;\" valign=\"top\" width=\"110px\">2017 &#8211; 2017<\/td>\n<td class=\"texto\">Curso de curta dura\u00e7\u00e3o em Evolution Gest\u00e3o de Servi\u00e7os. (Carga hor\u00e1ria: 60h).<br \/>\nEvolution Gest\u00e3o de Servi\u00e7os, EVOLUTION, Salvador, Brasil<br \/>\nBolsista do(a): Evolution Gest\u00e3o de Servi\u00e7os<br \/>\n<i>Palavras-chave: Restauro, Papel, Tecido, Fotos, Livros<br \/>\n<\/i><\/td>\n<\/tr>\n<tr>\n<td class=\"ano\" style=\"text-align: left; font-weight: bold;\" valign=\"top\" width=\"110px\">2017 &#8211; 2017<\/td>\n<td class=\"texto\">Curso de curta dura\u00e7\u00e3o em Oficina de Cataloga\u00e7\u00e3o de Acervos. (Carga hor\u00e1ria: 15h).<br \/>\nMuseu Murillo La Greca, MMLG, Brasil<br \/>\nBolsista do(a): Museu Murillo La Greca<br \/>\n<i>Palavras-chave: Acervo, Biblioteca, Cataloga\u00e7\u00e3o, Impressos, Imagens\u00a0<\/i><\/td>\n<\/tr>\n<\/tbody>\n<\/table>\n<\/div>\n<\/div>\n<\/div>\n","protected":false},"excerpt":{"rendered":"<p>FORMA\u00c7\u00c3O ACAD\u00caMICA\/TITULA\u00c7\u00c3O 2001 &#8211; 2012 Doutorado em Histoire Et Civilisations. Ecole des Hautes \u00c9tudes en Sciences Sociales, EHESS, Paris, Fran\u00e7a T\u00edtulo: Orbe Ser\u00e1fico, Novo Bras\u00edlico: Jaboat\u00e3o et les franciscains \u00e0 Pernambouc au XVIII si\u00e8cle., Ano de obten\u00e7\u00e3o: 2012 Orientador: Serge GRUZINSKI Bolsista do(a): Coordena\u00e7\u00e3o de Aperfei\u00e7oamento de Pessoal de N\u00edvel Superior Palavras-chave: Brasil colonial, Espiritualidade [&hellip;]<\/p>\n","protected":false},"author":1,"featured_media":0,"parent":0,"menu_order":0,"comment_status":"closed","ping_status":"closed","template":"","meta":{"footnotes":""},"class_list":["post-134","page","type-page","status-publish","hentry"],"_hostinger_reach_plugin_has_subscription_block":false,"_hostinger_reach_plugin_is_elementor":false,"_links":{"self":[{"href":"https:\/\/marcosbrasilico.com.br\/index.php?rest_route=\/wp\/v2\/pages\/134","targetHints":{"allow":["GET"]}}],"collection":[{"href":"https:\/\/marcosbrasilico.com.br\/index.php?rest_route=\/wp\/v2\/pages"}],"about":[{"href":"https:\/\/marcosbrasilico.com.br\/index.php?rest_route=\/wp\/v2\/types\/page"}],"author":[{"embeddable":true,"href":"https:\/\/marcosbrasilico.com.br\/index.php?rest_route=\/wp\/v2\/users\/1"}],"replies":[{"embeddable":true,"href":"https:\/\/marcosbrasilico.com.br\/index.php?rest_route=%2Fwp%2Fv2%2Fcomments&post=134"}],"version-history":[{"count":8,"href":"https:\/\/marcosbrasilico.com.br\/index.php?rest_route=\/wp\/v2\/pages\/134\/revisions"}],"predecessor-version":[{"id":266,"href":"https:\/\/marcosbrasilico.com.br\/index.php?rest_route=\/wp\/v2\/pages\/134\/revisions\/266"}],"wp:attachment":[{"href":"https:\/\/marcosbrasilico.com.br\/index.php?rest_route=%2Fwp%2Fv2%2Fmedia&parent=134"}],"curies":[{"name":"wp","href":"https:\/\/api.w.org\/{rel}","templated":true}]}}