{"id":14,"date":"2018-02-16T17:56:55","date_gmt":"2018-02-16T19:56:55","guid":{"rendered":"http:\/\/marcosbrasilico.com.br\/?page_id=14"},"modified":"2018-02-21T23:13:22","modified_gmt":"2018-02-21T23:13:22","slug":"curriculum","status":"publish","type":"page","link":"https:\/\/marcosbrasilico.com.br\/?page_id=14","title":{"rendered":"Curriculum"},"content":{"rendered":"<p style=\"text-align: justify;\">Possui gradua\u00e7\u00e3o em Teologia pela Universidade Cat\u00f3lica do Salvador (1987), revalida\u00e7\u00e3o do curso de Teologia pela Faculdade Cat\u00f3lica de Fortaleza (2014), mestrado em Teologia Sistem\u00e1tica com concentra\u00e7\u00e3o em Hist\u00f3ria da Evangeliza\u00e7\u00e3o na Am\u00e9rica Latina e Caribe pela Pontif\u00edcia Faculdade de Teologia Nossa Senhora da Assun\u00e7\u00e3o (1994), mestrado em Histoire et Civilization &#8211; Ecole des Hautes \u00c9tudes en Sciences Sociales (2001) e doutorado em Histoire et Civilisations &#8211; Ecole des Hautes \u00c9tudes en Sciences Sociales (2012).<\/p>\n<p style=\"text-align: justify;\">Realizou um p\u00f3s-doc-J\u00fanior CNPq no PPGH-UFBA, exerce a profiss\u00e3o de pesquisador\/assessor na Prov\u00edncia Franciscana de Santo Ant\u00f4nio do Brasil. Tem uma forma\u00e7\u00e3o humanista nas \u00e1reas de Teologia, Filosofia, Hist\u00f3ria da Igreja Antiga, Medieval, Moderna e Contempor\u00e2nea.<\/p>\n<p style=\"text-align: justify;\">Atua principalmente nos seguintes temas: Hist\u00f3ria Religiosa Moderna, cultura religiosa, franciscanos, franciscanismo, Brasil col\u00f4nia e cristandade colonial\/culturas religiosas.<\/p>\n<p style=\"text-align: justify;\">No campo da Filosofia ministrou as disciplinas de Humanidade e Transcend\u00eancia e Humanismo e Cidadania na Universidade Cat\u00f3lica de Pernambuco (UNICAP). Ministrou aulas presenciais e em EaD na UNICAP.<\/p>\n","protected":false},"excerpt":{"rendered":"<p>Possui gradua\u00e7\u00e3o em Teologia pela Universidade Cat\u00f3lica do Salvador (1987), revalida\u00e7\u00e3o do curso de Teologia pela Faculdade Cat\u00f3lica de Fortaleza (2014), mestrado em Teologia Sistem\u00e1tica com concentra\u00e7\u00e3o em Hist\u00f3ria da Evangeliza\u00e7\u00e3o na Am\u00e9rica Latina e Caribe pela Pontif\u00edcia Faculdade de Teologia Nossa Senhora da Assun\u00e7\u00e3o (1994), mestrado em Histoire et Civilization &#8211; Ecole des Hautes [&hellip;]<\/p>\n","protected":false},"author":1,"featured_media":0,"parent":0,"menu_order":0,"comment_status":"closed","ping_status":"closed","template":"","meta":{"footnotes":""},"class_list":["post-14","page","type-page","status-publish","hentry"],"_hostinger_reach_plugin_has_subscription_block":false,"_hostinger_reach_plugin_is_elementor":false,"_links":{"self":[{"href":"https:\/\/marcosbrasilico.com.br\/index.php?rest_route=\/wp\/v2\/pages\/14","targetHints":{"allow":["GET"]}}],"collection":[{"href":"https:\/\/marcosbrasilico.com.br\/index.php?rest_route=\/wp\/v2\/pages"}],"about":[{"href":"https:\/\/marcosbrasilico.com.br\/index.php?rest_route=\/wp\/v2\/types\/page"}],"author":[{"embeddable":true,"href":"https:\/\/marcosbrasilico.com.br\/index.php?rest_route=\/wp\/v2\/users\/1"}],"replies":[{"embeddable":true,"href":"https:\/\/marcosbrasilico.com.br\/index.php?rest_route=%2Fwp%2Fv2%2Fcomments&post=14"}],"version-history":[{"count":36,"href":"https:\/\/marcosbrasilico.com.br\/index.php?rest_route=\/wp\/v2\/pages\/14\/revisions"}],"predecessor-version":[{"id":417,"href":"https:\/\/marcosbrasilico.com.br\/index.php?rest_route=\/wp\/v2\/pages\/14\/revisions\/417"}],"wp:attachment":[{"href":"https:\/\/marcosbrasilico.com.br\/index.php?rest_route=%2Fwp%2Fv2%2Fmedia&parent=14"}],"curies":[{"name":"wp","href":"https:\/\/api.w.org\/{rel}","templated":true}]}}